{"id":94,"date":"2021-11-24T20:08:44","date_gmt":"2021-11-24T20:08:44","guid":{"rendered":"https:\/\/clubsierradelpinar.es\/?page_id=94"},"modified":"2024-05-10T18:30:37","modified_gmt":"2024-05-10T16:30:37","slug":"el-club","status":"publish","type":"page","link":"https:\/\/clubsierradelpinar.es\/index.php\/el-club\/","title":{"rendered":"El Club"},"content":{"rendered":"\n<h2 class=\"wp-block-heading\">Monta\u00f1ismo para todos<\/h2>\n\n\n\n<p>Es cada d\u00eda m\u00e1s importante el n\u00famero de personas que llegan a tomar contacto con la naturaleza a trav\u00e9s del monta\u00f1ismo; y es que nuestra provincia y, en suma, nuestro pa\u00eds nos ofrecen marcos incomparables para la pr\u00e1ctica de este deporte.<\/p>\n\n\n\n<p>Hablar de monta\u00f1ismo no es necesariamente sin\u00f3nimo de dif\u00edciles y arriesgadas escaladas. La variedad de actividades que podemos desarrollar hace del deporte de la monta\u00f1a una pr\u00e1ctica recomendable y al alcance de todos, sin distinci\u00f3n de sexo ni edad. Estamos convencidos de que unas c\u00f3modas botas y una mochila pueden ser los inicios de una vida monta\u00f1era llena de inolvidables aventuras.<\/p>\n\n\n\n<h2 class=\"wp-block-heading\">Un poco de historia<\/h2>\n\n\n\n<p>El <strong>Club Monta\u00f1ero Sierra del Pinar<\/strong> fue fundado en 1971 por un grupo de amigos que ya ven\u00edan practicando con anterioridad el excursionismo por la Sierra de C\u00e1diz. Al constituir el Club pretend\u00edan difundir el monta\u00f1ismo en Jerez y crear el ambiente necesario que hiciera posible recorrer otras monta\u00f1as m\u00e1s altas y lejanas.<\/p>\n\n\n\n<p>Desde entonces son muchas las actividades realizadas por el Club y por sus socios. Se ha ascendido pr\u00e1cticamente a todas las grandes monta\u00f1as de nuestro pa\u00eds, as\u00ed como a grandes macizos monta\u00f1osos de todo el planeta. Alpes, Atlas, Andes, Himalaya&#8230; muchas han sido las aventuras a lo largo de tantos a\u00f1os del Club. Es de destacar la realizaci\u00f3n por parte de socios del Club de expediciones a grandes cumpres del planeta y la participaci\u00f3n en la primera ascensi\u00f3n andaluza al monte Everest.<\/p>\n\n\n\n<p>En el \u00e1mbito de la escalada cl\u00e1sica y deportiva, socios de nuestro club fueron pioneros en la apertura de v\u00edas, tanto en Grazalema como en la escuela de escalada de San Bartolo.<\/p>\n\n\n\n<h2 class=\"wp-block-heading\">\u00bfQu\u00e9 te ofrece el Club?<\/h2>\n\n\n\n<p>Trimestralmente realizamos un Programa de Actividades que engloban varios tipos de propuestas:<\/p>\n\n\n\n<ul class=\"wp-block-list\">\n<li><strong>Salidas de iniciaci\u00f3n:<\/strong> Son excursiones b\u00e1sicas enfocadas a los que se inician en los deportes de monta\u00f1a. Normalmente son rutas senderistas de un d\u00eda de duraci\u00f3n que se desarrollan en las sierras m\u00e1s pr\u00f3ximas. No es necesario ser socio para participar en ellas.<\/li>\n\n\n\n<li><strong>Actividades infantiles:<\/strong> El objetivo es la iniciaci\u00f3n a la monta\u00f1a de los m\u00e1s peque\u00f1os. Son excursiones sencillas que se hacen en familia. No es necesario ser socio para participar en ellas.<\/li>\n\n\n\n<li><strong>Monta\u00f1ismo:<\/strong> Actividades enfocadas a socios que disponen de cierta experiencia monta\u00f1era. Son rutas que pueden llevar m\u00e1s de un d\u00eda, ascensiones a cumbres por rutas no habituales, monta\u00f1as de m\u00e1s de dos mil metros, etc.<\/li>\n\n\n\n<li><strong>Alta monta\u00f1a y alpinismo:<\/strong> Actividades para socios federados que se desarrollan en alta monta\u00f1a (normalmente en cotas superiores a los 2500 m).<\/li>\n\n\n\n<li><strong>Escalada y barranquismo:<\/strong> Actividades para socios federados que se programan para fomentar estas modalidades. El Club cuenta en sus instalaciones con una tabla de boulder de pendiente fariable y un ferrat\u00f3dromo para el entrenamiento de dichas modalidades.<\/li>\n\n\n\n<li><strong>Proyecciones audiovisuales:<\/strong> Peri\u00f3dicamente se programan proyecciones y charlas impartidas por socios o por colaboradores ajenos al club.<\/li>\n\n\n\n<li><strong>Biblioteca:<\/strong> El club pone a disposici\u00f3n de los socios un servicio de pr\u00e9stamo de su ampl\u00edsma biblioteca de tem\u00e1tica monta\u00f1era y de naturaleza. Tambi\u00e9n estamos suscritos a las principales revistas y publicaciones monta\u00f1eras.<\/li>\n\n\n\n<li><strong>Ciclo de divulgaci\u00f3n del monta\u00f1ismo:<\/strong> Anualmente organizamos un ciclo de conferencias para dar a conocer este bello deporte y ofrecer la oportunidad a los socios de mostrar sus logros. En sus m\u00e1s de treinta y cinco ediciones, por aqu\u00ed han pasado monta\u00f1eros de la talla de Jordi Pons, Carlos Soria, Manolo Gonz\u00e1lez \u00abLolo\u00bb, Lina Quesada, Juanito Oiarz\u00e1bal, Felipe Uriarte, etc.<\/li>\n<\/ul>\n\n\n\n<h2 class=\"wp-block-heading\" id=\"donde-estamos\">\u00bfD\u00f3nde estamos?<\/h2>\n\n\n\n<p>Nuestra sede se encuentra en la <a href=\"https:\/\/www.openstreetmap.org\/?mlat=36.68621&amp;mlon=-6.13969#map=19\/36.68621\/-6.13969\" target=\"_blank\" rel=\"noreferrer noopener\">Plaza Salvador Allende, s\/n<\/a> (Edif. Compa\u00f1\u00eda), de Jerez de la Frontera (C. P. 11403).<\/p>\n\n\n\n<p>Horario de atenci\u00f3n al p\u00fablico:<\/p>\n\n\n\n<ul class=\"wp-block-list\">\n<li>Viernes de 20:00-22:00 h<\/li>\n<\/ul>\n\n\n\n<div class=\"mapa\">\n<iframe class=\"iframe\" src=\"https:\/\/www.openstreetmap.org\/export\/embed.html?bbox=-6.142323017120362%2C36.68486901607457%2C-6.137065887451173%2C36.6875619622123&amp;layer=mapnik&amp;marker=36.686215500930366%2C-6.139694452285767\" height=\"500\"><\/iframe><br><small><a href=\"https:\/\/www.openstreetmap.org\/?mlat=36.68622&amp;mlon=-6.13969#map=19\/36.68622\/-6.13969\">Ver mapa m\u00e1s grande<\/a><\/small><\/div>\n\n\n\n<p><\/p>\n\n\n\n<div style=\"height:72px\" aria-hidden=\"true\" class=\"wp-block-spacer\"><\/div>\n\n\n\n<p>Igualmente nos encontrar\u00e1s en las redes sociales. \ud83d\udc47<\/p>\n\n\n\n<ul class=\"wp-block-social-links aligncenter has-normal-icon-size items-justified-center is-style-default is-layout-flex wp-block-social-links-is-layout-flex\"><li class=\"wp-social-link wp-social-link-facebook  wp-block-social-link\"><a href=\"https:\/\/www.facebook.com\/montaneros.sierradelpinar\/\" class=\"wp-block-social-link-anchor\"><svg width=\"24\" height=\"24\" viewBox=\"0 0 24 24\" version=\"1.1\" xmlns=\"http:\/\/www.w3.org\/2000\/svg\" aria-hidden=\"true\" focusable=\"false\"><path d=\"M12 2C6.5 2 2 6.5 2 12c0 5 3.7 9.1 8.4 9.9v-7H7.9V12h2.5V9.8c0-2.5 1.5-3.9 3.8-3.9 1.1 0 2.2.2 2.2.2v2.5h-1.3c-1.2 0-1.6.8-1.6 1.6V12h2.8l-.4 2.9h-2.3v7C18.3 21.1 22 17 22 12c0-5.5-4.5-10-10-10z\"><\/path><\/svg><span class=\"wp-block-social-link-label screen-reader-text\">Facebook<\/span><\/a><\/li>\n\n<li class=\"wp-social-link wp-social-link-twitter  wp-block-social-link\"><a href=\"https:\/\/twitter.com\/sierradelpinar\" class=\"wp-block-social-link-anchor\"><svg width=\"24\" height=\"24\" viewBox=\"0 0 24 24\" version=\"1.1\" xmlns=\"http:\/\/www.w3.org\/2000\/svg\" aria-hidden=\"true\" focusable=\"false\"><path d=\"M22.23,5.924c-0.736,0.326-1.527,0.547-2.357,0.646c0.847-0.508,1.498-1.312,1.804-2.27 c-0.793,0.47-1.671,0.812-2.606,0.996C18.324,4.498,17.257,4,16.077,4c-2.266,0-4.103,1.837-4.103,4.103 c0,0.322,0.036,0.635,0.106,0.935C8.67,8.867,5.647,7.234,3.623,4.751C3.27,5.357,3.067,6.062,3.067,6.814 c0,1.424,0.724,2.679,1.825,3.415c-0.673-0.021-1.305-0.206-1.859-0.513c0,0.017,0,0.034,0,0.052c0,1.988,1.414,3.647,3.292,4.023 c-0.344,0.094-0.707,0.144-1.081,0.144c-0.264,0-0.521-0.026-0.772-0.074c0.522,1.63,2.038,2.816,3.833,2.85 c-1.404,1.1-3.174,1.756-5.096,1.756c-0.331,0-0.658-0.019-0.979-0.057c1.816,1.164,3.973,1.843,6.29,1.843 c7.547,0,11.675-6.252,11.675-11.675c0-0.178-0.004-0.355-0.012-0.531C20.985,7.47,21.68,6.747,22.23,5.924z\"><\/path><\/svg><span class=\"wp-block-social-link-label screen-reader-text\">Twitter<\/span><\/a><\/li>\n\n<li class=\"wp-social-link wp-social-link-instagram  wp-block-social-link\"><a href=\"https:\/\/www.instagram.com\/sierradelpinar\/\" class=\"wp-block-social-link-anchor\"><svg width=\"24\" height=\"24\" viewBox=\"0 0 24 24\" version=\"1.1\" xmlns=\"http:\/\/www.w3.org\/2000\/svg\" aria-hidden=\"true\" focusable=\"false\"><path d=\"M12,4.622c2.403,0,2.688,0.009,3.637,0.052c0.877,0.04,1.354,0.187,1.671,0.31c0.42,0.163,0.72,0.358,1.035,0.673 c0.315,0.315,0.51,0.615,0.673,1.035c0.123,0.317,0.27,0.794,0.31,1.671c0.043,0.949,0.052,1.234,0.052,3.637 s-0.009,2.688-0.052,3.637c-0.04,0.877-0.187,1.354-0.31,1.671c-0.163,0.42-0.358,0.72-0.673,1.035 c-0.315,0.315-0.615,0.51-1.035,0.673c-0.317,0.123-0.794,0.27-1.671,0.31c-0.949,0.043-1.233,0.052-3.637,0.052 s-2.688-0.009-3.637-0.052c-0.877-0.04-1.354-0.187-1.671-0.31c-0.42-0.163-0.72-0.358-1.035-0.673 c-0.315-0.315-0.51-0.615-0.673-1.035c-0.123-0.317-0.27-0.794-0.31-1.671C4.631,14.688,4.622,14.403,4.622,12 s0.009-2.688,0.052-3.637c0.04-0.877,0.187-1.354,0.31-1.671c0.163-0.42,0.358-0.72,0.673-1.035 c0.315-0.315,0.615-0.51,1.035-0.673c0.317-0.123,0.794-0.27,1.671-0.31C9.312,4.631,9.597,4.622,12,4.622 M12,3 C9.556,3,9.249,3.01,8.289,3.054C7.331,3.098,6.677,3.25,6.105,3.472C5.513,3.702,5.011,4.01,4.511,4.511 c-0.5,0.5-0.808,1.002-1.038,1.594C3.25,6.677,3.098,7.331,3.054,8.289C3.01,9.249,3,9.556,3,12c0,2.444,0.01,2.751,0.054,3.711 c0.044,0.958,0.196,1.612,0.418,2.185c0.23,0.592,0.538,1.094,1.038,1.594c0.5,0.5,1.002,0.808,1.594,1.038 c0.572,0.222,1.227,0.375,2.185,0.418C9.249,20.99,9.556,21,12,21s2.751-0.01,3.711-0.054c0.958-0.044,1.612-0.196,2.185-0.418 c0.592-0.23,1.094-0.538,1.594-1.038c0.5-0.5,0.808-1.002,1.038-1.594c0.222-0.572,0.375-1.227,0.418-2.185 C20.99,14.751,21,14.444,21,12s-0.01-2.751-0.054-3.711c-0.044-0.958-0.196-1.612-0.418-2.185c-0.23-0.592-0.538-1.094-1.038-1.594 c-0.5-0.5-1.002-0.808-1.594-1.038c-0.572-0.222-1.227-0.375-2.185-0.418C14.751,3.01,14.444,3,12,3L12,3z M12,7.378 c-2.552,0-4.622,2.069-4.622,4.622S9.448,16.622,12,16.622s4.622-2.069,4.622-4.622S14.552,7.378,12,7.378z M12,15 c-1.657,0-3-1.343-3-3s1.343-3,3-3s3,1.343,3,3S13.657,15,12,15z M16.804,6.116c-0.596,0-1.08,0.484-1.08,1.08 s0.484,1.08,1.08,1.08c0.596,0,1.08-0.484,1.08-1.08S17.401,6.116,16.804,6.116z\"><\/path><\/svg><span class=\"wp-block-social-link-label screen-reader-text\">Instagram<\/span><\/a><\/li>\n\n<li class=\"wp-social-link wp-social-link-mail  wp-block-social-link\"><a href=\"mailto:info@clubsierradelpinar.es?subject=Contacto%20p\u00e1g.%20El%20Club\" class=\"wp-block-social-link-anchor\"><svg width=\"24\" height=\"24\" viewBox=\"0 0 24 24\" version=\"1.1\" xmlns=\"http:\/\/www.w3.org\/2000\/svg\" aria-hidden=\"true\" focusable=\"false\"><path d=\"M19,5H5c-1.1,0-2,.9-2,2v10c0,1.1.9,2,2,2h14c1.1,0,2-.9,2-2V7c0-1.1-.9-2-2-2zm.5,12c0,.3-.2.5-.5.5H5c-.3,0-.5-.2-.5-.5V9.8l7.5,5.6,7.5-5.6V17zm0-9.1L12,13.6,4.5,7.9V7c0-.3.2-.5.5-.5h14c.3,0,.5.2.5.5v.9z\"><\/path><\/svg><span class=\"wp-block-social-link-label screen-reader-text\">Correo electr\u00f3nico<\/span><\/a><\/li><\/ul>\n\n\n\n<div style=\"height:44px\" aria-hidden=\"true\" class=\"wp-block-spacer\"><\/div>\n\n\n\n<p>El <strong>Club Monta\u00f1ero Sierra del Pinar<\/strong> est\u00e1 afiliado a las siguientes federaciones:<\/p>\n\n\n\n<div class=\"wp-block-columns is-layout-flex wp-container-core-columns-is-layout-28f84493 wp-block-columns-is-layout-flex\">\n<div class=\"wp-block-column is-layout-flow wp-block-column-is-layout-flow\">\n<div class=\"wp-block-image\"><figure class=\"aligncenter size-full is-resized\"><a href=\"https:\/\/fedamon.es\/\" target=\"_blank\" rel=\"noopener\"><img loading=\"lazy\" decoding=\"async\" src=\"https:\/\/clubsierradelpinar.es\/wp-content\/uploads\/2021\/12\/famlogo1.png\" alt=\"\" class=\"wp-image-261\" width=\"239\" height=\"179\" srcset=\"https:\/\/clubsierradelpinar.es\/wp-content\/uploads\/2021\/12\/famlogo1.png 735w, https:\/\/clubsierradelpinar.es\/wp-content\/uploads\/2021\/12\/famlogo1-300x225.png 300w\" sizes=\"auto, (max-width: 239px) 100vw, 239px\" \/><\/a><\/figure><\/div>\n<\/div>\n\n\n\n<div class=\"wp-block-column is-layout-flow wp-block-column-is-layout-flow\">\n<div class=\"wp-block-image\"><figure class=\"aligncenter size-full is-resized\"><a href=\"http:\/\/fedme.es\/\" target=\"_blank\" rel=\"noopener\"><img loading=\"lazy\" decoding=\"async\" src=\"https:\/\/clubsierradelpinar.es\/wp-content\/uploads\/2021\/12\/cropped-logo_fedme.webp\" alt=\"\" class=\"wp-image-260\" width=\"175\" height=\"175\" srcset=\"https:\/\/clubsierradelpinar.es\/wp-content\/uploads\/2021\/12\/cropped-logo_fedme.webp 512w, https:\/\/clubsierradelpinar.es\/wp-content\/uploads\/2021\/12\/cropped-logo_fedme-300x300.webp 300w, https:\/\/clubsierradelpinar.es\/wp-content\/uploads\/2021\/12\/cropped-logo_fedme-150x150.webp 150w\" sizes=\"auto, (max-width: 175px) 100vw, 175px\" \/><\/a><\/figure><\/div>\n\n\n\n<p><\/p>\n<\/div>\n\n\n\n<div class=\"wp-block-column is-layout-flow wp-block-column-is-layout-flow\">\n<div class=\"wp-block-image\"><figure class=\"aligncenter size-large is-resized\"><a href=\"https:\/\/www.theuiaa.org\/\" target=\"_blank\" rel=\"noopener\"><img loading=\"lazy\" decoding=\"async\" src=\"https:\/\/clubsierradelpinar.es\/wp-content\/uploads\/2021\/12\/uiaa-logo-new-1-1024x410.png\" alt=\"\" class=\"wp-image-262\" width=\"271\" height=\"108\" srcset=\"https:\/\/clubsierradelpinar.es\/wp-content\/uploads\/2021\/12\/uiaa-logo-new-1-1024x410.png 1024w, https:\/\/clubsierradelpinar.es\/wp-content\/uploads\/2021\/12\/uiaa-logo-new-1-300x120.png 300w, https:\/\/clubsierradelpinar.es\/wp-content\/uploads\/2021\/12\/uiaa-logo-new-1-768x307.png 768w, https:\/\/clubsierradelpinar.es\/wp-content\/uploads\/2021\/12\/uiaa-logo-new-1.png 1500w\" sizes=\"auto, (max-width: 271px) 100vw, 271px\" \/><\/a><\/figure><\/div>\n\n\n\n<p><\/p>\n<\/div>\n<\/div>\n\n\n\n<p><\/p>\n","protected":false},"excerpt":{"rendered":"<p>Monta\u00f1ismo para todos Es cada d\u00eda m\u00e1s importante el n\u00famero de personas que llegan a tomar contacto con la naturaleza a trav\u00e9s del monta\u00f1ismo; y es que nuestra provincia y, en suma, nuestro pa\u00eds nos ofrecen marcos incomparables para la pr\u00e1ctica de este deporte. Hablar de monta\u00f1ismo no es necesariamente [&hellip;]<\/p>\n","protected":false},"author":2,"featured_media":688,"parent":0,"menu_order":0,"comment_status":"closed","ping_status":"closed","template":"","meta":{"_mc_calendar":[],"footnotes":""},"class_list":["post-94","page","type-page","status-publish","has-post-thumbnail","hentry"],"yoast_head":"<!-- This site is optimized with the Yoast SEO plugin v27.3 - https:\/\/yoast.com\/product\/yoast-seo-wordpress\/ -->\n<title>El Club - Club Monta&ntilde;ero Sierra del Pinar<\/title>\n<meta name=\"robots\" content=\"index, follow, max-snippet:-1, max-image-preview:large, max-video-preview:-1\" \/>\n<link rel=\"canonical\" href=\"https:\/\/clubsierradelpinar.es\/index.php\/el-club\/\" \/>\n<meta property=\"og:locale\" content=\"es_ES\" \/>\n<meta property=\"og:type\" content=\"article\" \/>\n<meta property=\"og:title\" content=\"El Club - Club Monta&ntilde;ero Sierra del Pinar\" \/>\n<meta property=\"og:description\" content=\"Monta\u00f1ismo para todos Es cada d\u00eda m\u00e1s importante el n\u00famero de personas que llegan a tomar contacto con la naturaleza a trav\u00e9s del monta\u00f1ismo; y es que nuestra provincia y, en suma, nuestro pa\u00eds nos ofrecen marcos incomparables para la pr\u00e1ctica de este deporte. Hablar de monta\u00f1ismo no es necesariamente [&hellip;]\" \/>\n<meta property=\"og:url\" content=\"https:\/\/clubsierradelpinar.es\/index.php\/el-club\/\" \/>\n<meta property=\"og:site_name\" content=\"Club Monta&ntilde;ero Sierra del Pinar\" \/>\n<meta property=\"article:publisher\" content=\"https:\/\/www.facebook.com\/montaneros.sierradelpinar\" \/>\n<meta property=\"article:modified_time\" content=\"2024-05-10T16:30:37+00:00\" \/>\n<meta property=\"og:image\" content=\"https:\/\/clubsierradelpinar.es\/wp-content\/uploads\/2022\/01\/sand-walking-snow-winter-wing-black-and-white-980192-pxhere.com_.jpg\" \/>\n\t<meta property=\"og:image:width\" content=\"1280\" \/>\n\t<meta property=\"og:image:height\" content=\"857\" \/>\n\t<meta property=\"og:image:type\" content=\"image\/jpeg\" \/>\n<meta name=\"twitter:card\" content=\"summary_large_image\" \/>\n<meta name=\"twitter:site\" content=\"@sierradelpinar\" \/>\n<meta name=\"twitter:label1\" content=\"Tiempo de lectura\" \/>\n\t<meta name=\"twitter:data1\" content=\"12 minutos\" \/>\n<script type=\"application\/ld+json\" class=\"yoast-schema-graph\">{\"@context\":\"https:\\\/\\\/schema.org\",\"@graph\":[{\"@type\":\"WebPage\",\"@id\":\"https:\\\/\\\/clubsierradelpinar.es\\\/index.php\\\/el-club\\\/\",\"url\":\"https:\\\/\\\/clubsierradelpinar.es\\\/index.php\\\/el-club\\\/\",\"name\":\"El Club - Club Monta&ntilde;ero Sierra del Pinar\",\"isPartOf\":{\"@id\":\"https:\\\/\\\/clubsierradelpinar.es\\\/#website\"},\"primaryImageOfPage\":{\"@id\":\"https:\\\/\\\/clubsierradelpinar.es\\\/index.php\\\/el-club\\\/#primaryimage\"},\"image\":{\"@id\":\"https:\\\/\\\/clubsierradelpinar.es\\\/index.php\\\/el-club\\\/#primaryimage\"},\"thumbnailUrl\":\"https:\\\/\\\/clubsierradelpinar.es\\\/wp-content\\\/uploads\\\/2022\\\/01\\\/sand-walking-snow-winter-wing-black-and-white-980192-pxhere.com_.jpg\",\"datePublished\":\"2021-11-24T20:08:44+00:00\",\"dateModified\":\"2024-05-10T16:30:37+00:00\",\"breadcrumb\":{\"@id\":\"https:\\\/\\\/clubsierradelpinar.es\\\/index.php\\\/el-club\\\/#breadcrumb\"},\"inLanguage\":\"es\",\"potentialAction\":[{\"@type\":\"ReadAction\",\"target\":[\"https:\\\/\\\/clubsierradelpinar.es\\\/index.php\\\/el-club\\\/\"]}]},{\"@type\":\"ImageObject\",\"inLanguage\":\"es\",\"@id\":\"https:\\\/\\\/clubsierradelpinar.es\\\/index.php\\\/el-club\\\/#primaryimage\",\"url\":\"https:\\\/\\\/clubsierradelpinar.es\\\/wp-content\\\/uploads\\\/2022\\\/01\\\/sand-walking-snow-winter-wing-black-and-white-980192-pxhere.com_.jpg\",\"contentUrl\":\"https:\\\/\\\/clubsierradelpinar.es\\\/wp-content\\\/uploads\\\/2022\\\/01\\\/sand-walking-snow-winter-wing-black-and-white-980192-pxhere.com_.jpg\",\"width\":1280,\"height\":857,\"caption\":\"Grupo de alpinistas caminando en fila por la nieve\"},{\"@type\":\"BreadcrumbList\",\"@id\":\"https:\\\/\\\/clubsierradelpinar.es\\\/index.php\\\/el-club\\\/#breadcrumb\",\"itemListElement\":[{\"@type\":\"ListItem\",\"position\":1,\"name\":\"Portada\",\"item\":\"https:\\\/\\\/clubsierradelpinar.es\\\/\"},{\"@type\":\"ListItem\",\"position\":2,\"name\":\"El Club\"}]},{\"@type\":\"WebSite\",\"@id\":\"https:\\\/\\\/clubsierradelpinar.es\\\/#website\",\"url\":\"https:\\\/\\\/clubsierradelpinar.es\\\/\",\"name\":\"Club Monta&ntilde;ero Sierra del Pinar\",\"description\":\"Subiendo monta&ntilde;as desde 1971\",\"publisher\":{\"@id\":\"https:\\\/\\\/clubsierradelpinar.es\\\/#organization\"},\"potentialAction\":[{\"@type\":\"SearchAction\",\"target\":{\"@type\":\"EntryPoint\",\"urlTemplate\":\"https:\\\/\\\/clubsierradelpinar.es\\\/?s={search_term_string}\"},\"query-input\":{\"@type\":\"PropertyValueSpecification\",\"valueRequired\":true,\"valueName\":\"search_term_string\"}}],\"inLanguage\":\"es\"},{\"@type\":\"Organization\",\"@id\":\"https:\\\/\\\/clubsierradelpinar.es\\\/#organization\",\"name\":\"Club Monta\u00f1ero Sierra del Pinar\",\"url\":\"https:\\\/\\\/clubsierradelpinar.es\\\/\",\"logo\":{\"@type\":\"ImageObject\",\"inLanguage\":\"es\",\"@id\":\"https:\\\/\\\/clubsierradelpinar.es\\\/#\\\/schema\\\/logo\\\/image\\\/\",\"url\":\"https:\\\/\\\/clubsierradelpinar.es\\\/wp-content\\\/uploads\\\/2021\\\/11\\\/cropped-logo.png\",\"contentUrl\":\"https:\\\/\\\/clubsierradelpinar.es\\\/wp-content\\\/uploads\\\/2021\\\/11\\\/cropped-logo.png\",\"width\":512,\"height\":512,\"caption\":\"Club Monta\u00f1ero Sierra del Pinar\"},\"image\":{\"@id\":\"https:\\\/\\\/clubsierradelpinar.es\\\/#\\\/schema\\\/logo\\\/image\\\/\"},\"sameAs\":[\"https:\\\/\\\/www.facebook.com\\\/montaneros.sierradelpinar\",\"https:\\\/\\\/x.com\\\/sierradelpinar\",\"https:\\\/\\\/www.instagram.com\\\/sierradelpinar\\\/\"]}]}<\/script>\n<!-- \/ Yoast SEO plugin. -->","yoast_head_json":{"title":"El Club - Club Monta&ntilde;ero Sierra del Pinar","robots":{"index":"index","follow":"follow","max-snippet":"max-snippet:-1","max-image-preview":"max-image-preview:large","max-video-preview":"max-video-preview:-1"},"canonical":"https:\/\/clubsierradelpinar.es\/index.php\/el-club\/","og_locale":"es_ES","og_type":"article","og_title":"El Club - Club Monta&ntilde;ero Sierra del Pinar","og_description":"Monta\u00f1ismo para todos Es cada d\u00eda m\u00e1s importante el n\u00famero de personas que llegan a tomar contacto con la naturaleza a trav\u00e9s del monta\u00f1ismo; y es que nuestra provincia y, en suma, nuestro pa\u00eds nos ofrecen marcos incomparables para la pr\u00e1ctica de este deporte. Hablar de monta\u00f1ismo no es necesariamente [&hellip;]","og_url":"https:\/\/clubsierradelpinar.es\/index.php\/el-club\/","og_site_name":"Club Monta&ntilde;ero Sierra del Pinar","article_publisher":"https:\/\/www.facebook.com\/montaneros.sierradelpinar","article_modified_time":"2024-05-10T16:30:37+00:00","og_image":[{"width":1280,"height":857,"url":"https:\/\/clubsierradelpinar.es\/wp-content\/uploads\/2022\/01\/sand-walking-snow-winter-wing-black-and-white-980192-pxhere.com_.jpg","type":"image\/jpeg"}],"twitter_card":"summary_large_image","twitter_site":"@sierradelpinar","twitter_misc":{"Tiempo de lectura":"12 minutos"},"schema":{"@context":"https:\/\/schema.org","@graph":[{"@type":"WebPage","@id":"https:\/\/clubsierradelpinar.es\/index.php\/el-club\/","url":"https:\/\/clubsierradelpinar.es\/index.php\/el-club\/","name":"El Club - Club Monta&ntilde;ero Sierra del Pinar","isPartOf":{"@id":"https:\/\/clubsierradelpinar.es\/#website"},"primaryImageOfPage":{"@id":"https:\/\/clubsierradelpinar.es\/index.php\/el-club\/#primaryimage"},"image":{"@id":"https:\/\/clubsierradelpinar.es\/index.php\/el-club\/#primaryimage"},"thumbnailUrl":"https:\/\/clubsierradelpinar.es\/wp-content\/uploads\/2022\/01\/sand-walking-snow-winter-wing-black-and-white-980192-pxhere.com_.jpg","datePublished":"2021-11-24T20:08:44+00:00","dateModified":"2024-05-10T16:30:37+00:00","breadcrumb":{"@id":"https:\/\/clubsierradelpinar.es\/index.php\/el-club\/#breadcrumb"},"inLanguage":"es","potentialAction":[{"@type":"ReadAction","target":["https:\/\/clubsierradelpinar.es\/index.php\/el-club\/"]}]},{"@type":"ImageObject","inLanguage":"es","@id":"https:\/\/clubsierradelpinar.es\/index.php\/el-club\/#primaryimage","url":"https:\/\/clubsierradelpinar.es\/wp-content\/uploads\/2022\/01\/sand-walking-snow-winter-wing-black-and-white-980192-pxhere.com_.jpg","contentUrl":"https:\/\/clubsierradelpinar.es\/wp-content\/uploads\/2022\/01\/sand-walking-snow-winter-wing-black-and-white-980192-pxhere.com_.jpg","width":1280,"height":857,"caption":"Grupo de alpinistas caminando en fila por la nieve"},{"@type":"BreadcrumbList","@id":"https:\/\/clubsierradelpinar.es\/index.php\/el-club\/#breadcrumb","itemListElement":[{"@type":"ListItem","position":1,"name":"Portada","item":"https:\/\/clubsierradelpinar.es\/"},{"@type":"ListItem","position":2,"name":"El Club"}]},{"@type":"WebSite","@id":"https:\/\/clubsierradelpinar.es\/#website","url":"https:\/\/clubsierradelpinar.es\/","name":"Club Monta&ntilde;ero Sierra del Pinar","description":"Subiendo monta&ntilde;as desde 1971","publisher":{"@id":"https:\/\/clubsierradelpinar.es\/#organization"},"potentialAction":[{"@type":"SearchAction","target":{"@type":"EntryPoint","urlTemplate":"https:\/\/clubsierradelpinar.es\/?s={search_term_string}"},"query-input":{"@type":"PropertyValueSpecification","valueRequired":true,"valueName":"search_term_string"}}],"inLanguage":"es"},{"@type":"Organization","@id":"https:\/\/clubsierradelpinar.es\/#organization","name":"Club Monta\u00f1ero Sierra del Pinar","url":"https:\/\/clubsierradelpinar.es\/","logo":{"@type":"ImageObject","inLanguage":"es","@id":"https:\/\/clubsierradelpinar.es\/#\/schema\/logo\/image\/","url":"https:\/\/clubsierradelpinar.es\/wp-content\/uploads\/2021\/11\/cropped-logo.png","contentUrl":"https:\/\/clubsierradelpinar.es\/wp-content\/uploads\/2021\/11\/cropped-logo.png","width":512,"height":512,"caption":"Club Monta\u00f1ero Sierra del Pinar"},"image":{"@id":"https:\/\/clubsierradelpinar.es\/#\/schema\/logo\/image\/"},"sameAs":["https:\/\/www.facebook.com\/montaneros.sierradelpinar","https:\/\/x.com\/sierradelpinar","https:\/\/www.instagram.com\/sierradelpinar\/"]}]}},"_links":{"self":[{"href":"https:\/\/clubsierradelpinar.es\/index.php\/wp-json\/wp\/v2\/pages\/94","targetHints":{"allow":["GET"]}}],"collection":[{"href":"https:\/\/clubsierradelpinar.es\/index.php\/wp-json\/wp\/v2\/pages"}],"about":[{"href":"https:\/\/clubsierradelpinar.es\/index.php\/wp-json\/wp\/v2\/types\/page"}],"author":[{"embeddable":true,"href":"https:\/\/clubsierradelpinar.es\/index.php\/wp-json\/wp\/v2\/users\/2"}],"replies":[{"embeddable":true,"href":"https:\/\/clubsierradelpinar.es\/index.php\/wp-json\/wp\/v2\/comments?post=94"}],"version-history":[{"count":21,"href":"https:\/\/clubsierradelpinar.es\/index.php\/wp-json\/wp\/v2\/pages\/94\/revisions"}],"predecessor-version":[{"id":2076,"href":"https:\/\/clubsierradelpinar.es\/index.php\/wp-json\/wp\/v2\/pages\/94\/revisions\/2076"}],"wp:featuredmedia":[{"embeddable":true,"href":"https:\/\/clubsierradelpinar.es\/index.php\/wp-json\/wp\/v2\/media\/688"}],"wp:attachment":[{"href":"https:\/\/clubsierradelpinar.es\/index.php\/wp-json\/wp\/v2\/media?parent=94"}],"curies":[{"name":"wp","href":"https:\/\/api.w.org\/{rel}","templated":true}]}}