{"id":7,"date":"2019-12-18T11:39:54","date_gmt":"2019-12-18T11:39:54","guid":{"rendered":"https:\/\/clubsierradelpinar.es\/?page_id=7"},"modified":"2023-01-11T11:48:24","modified_gmt":"2023-01-11T10:48:24","slug":"secretaria","status":"publish","type":"page","link":"https:\/\/clubsierradelpinar.es\/index.php\/secretaria\/","title":{"rendered":"Secretar\u00eda virtual"},"content":{"rendered":"\n<p>Desde aqu\u00ed podr\u00e1s realizar las siguientes gestiones:<\/p>\n\n\n\n<div class=\"wp-block-columns is-layout-flex wp-container-core-columns-is-layout-28f84493 wp-block-columns-is-layout-flex\">\n<div class=\"wp-block-column is-layout-flow wp-block-column-is-layout-flow\">\n<div class=\"wp-block-image\"><figure class=\"aligncenter size-large\"><a href=\"solicitar-licencia\/\"><img decoding=\"async\" src=\"https:\/\/clubsierradelpinar.es\/wp-content\/uploads\/2021\/12\/icono-licencia.png\" alt=\"\" class=\"wp-image-31\"><\/a><figcaption><a href=\"solicitar-licencia\"><center><b>Solicitar licencia federativa<\/b><\/center><\/a><\/figcaption><\/figure><\/div>\n<\/div>\n\n\n\n<div class=\"wp-block-column is-layout-flow wp-block-column-is-layout-flow\">\n<div class=\"wp-block-image\" align=\"center\"><figure class=\"aligncenter size-large\"><a href=\"cuotas-del-club\"><img decoding=\"async\" src=\"https:\/\/clubsierradelpinar.es\/wp-content\/uploads\/2021\/12\/icono-precios.png\" alt=\"\" class=\"wp-image-32\"><\/a><figcaption><a href=\"cuotas-del-club\"><center><b>Consultar cuotas<\/b><\/center><\/a><\/figcaption><\/figure><\/div>\n<\/div>\n<\/div>\n\n\n\n<div class=\"wp-block-columns is-layout-flex wp-container-core-columns-is-layout-28f84493 wp-block-columns-is-layout-flex\">\n<div class=\"wp-block-column is-layout-flow wp-block-column-is-layout-flow\">\n<div class=\"wp-block-image\"><figure class=\"aligncenter size-large\"><a href=\"alta-socio\"><img decoding=\"async\" src=\"https:\/\/clubsierradelpinar.es\/wp-content\/uploads\/2021\/12\/icono-alta.png\" alt=\"\" class=\"wp-image-33\"><\/a><figcaption><a href=\"alta-socio\"><center><b>Solicitar alta como socio<\/b><\/center><\/a><\/figcaption><\/figure><\/div>\n<\/div>\n\n\n\n<div class=\"wp-block-column is-layout-flow wp-block-column-is-layout-flow\">\n<div class=\"wp-block-image\" align=\"center\"><figure class=\"aligncenter size-large\"><a href=\"modificar-datos\"><img decoding=\"async\" src=\"https:\/\/clubsierradelpinar.es\/wp-content\/uploads\/2021\/12\/icono-modifica.png\" alt=\"\" class=\"wp-image-32\"><\/a><figcaption><a href=\"modificar-datos\"><center><b>Modificar datos de socio<\/b><\/center><\/a><\/figcaption><\/figure><\/div>\n<\/div>\n\n\n\n<div class=\"wp-block-column is-layout-flow wp-block-column-is-layout-flow\">\n<div class=\"wp-block-image\" align=\"center\"><figure class=\"aligncenter size-large\"><a href=\"baja-socio\"><img decoding=\"async\" src=\"https:\/\/clubsierradelpinar.es\/wp-content\/uploads\/2021\/12\/icono-baja.png\" alt=\"\" class=\"wp-image-30\"><\/a><figcaption><a href=\"baja-socio\"><center><b>Solicitar baja como socio<\/b><\/center><\/a><\/figcaption><\/figure><\/div>\n<\/div>\n<\/div>\n\n\n\n<div style=\"height:100px\" aria-hidden=\"true\" class=\"wp-block-spacer\"><\/div>\n\n\n\n<p class=\"has-text-align-right\"><mark style=\"background-color:rgba(0, 0, 0, 0)\" class=\"has-inline-color has-background-color-color\"><sub>Icons made by <a href=\"https:\/\/www.freepik.com\">Freepik<\/a> from <a href=\"https:\/\/www.flaticon.com\/\">www.flaticon.com<\/a><\/sub><\/mark><\/p>\n","protected":false},"excerpt":{"rendered":"<p>Desde aqu\u00ed podr\u00e1s realizar las siguientes gestiones: Solicitar licencia federativa Consultar cuotas Solicitar alta como socio Modificar datos de socio Solicitar baja como socio Icons made by Freepik from www.flaticon.com<\/p>\n","protected":false},"author":2,"featured_media":1199,"parent":0,"menu_order":0,"comment_status":"closed","ping_status":"closed","template":"","meta":{"_mc_calendar":[],"footnotes":""},"class_list":["post-7","page","type-page","status-publish","has-post-thumbnail","hentry"],"yoast_head":"<!-- This site is optimized with the Yoast SEO plugin v27.3 - https:\/\/yoast.com\/product\/yoast-seo-wordpress\/ -->\n<title>Secretar\u00eda virtual - Club Monta&ntilde;ero Sierra del Pinar<\/title>\n<meta name=\"robots\" content=\"index, follow, max-snippet:-1, max-image-preview:large, max-video-preview:-1\" \/>\n<link rel=\"canonical\" href=\"https:\/\/clubsierradelpinar.es\/index.php\/secretaria\/\" \/>\n<meta property=\"og:locale\" content=\"es_ES\" \/>\n<meta property=\"og:type\" content=\"article\" \/>\n<meta property=\"og:title\" content=\"Secretar\u00eda virtual - Club Monta&ntilde;ero Sierra del Pinar\" \/>\n<meta property=\"og:description\" content=\"Desde aqu\u00ed podr\u00e1s realizar las siguientes gestiones: Solicitar licencia federativa Consultar cuotas Solicitar alta como socio Modificar datos de socio Solicitar baja como socio Icons made by Freepik from www.flaticon.com\" \/>\n<meta property=\"og:url\" content=\"https:\/\/clubsierradelpinar.es\/index.php\/secretaria\/\" \/>\n<meta property=\"og:site_name\" content=\"Club Monta&ntilde;ero Sierra del Pinar\" \/>\n<meta property=\"article:publisher\" content=\"https:\/\/www.facebook.com\/montaneros.sierradelpinar\" \/>\n<meta property=\"article:modified_time\" content=\"2023-01-11T10:48:24+00:00\" \/>\n<meta property=\"og:image\" content=\"https:\/\/clubsierradelpinar.es\/wp-content\/uploads\/2022\/11\/pulga05.jpg\" \/>\n\t<meta property=\"og:image:width\" content=\"1280\" \/>\n\t<meta property=\"og:image:height\" content=\"960\" \/>\n\t<meta property=\"og:image:type\" content=\"image\/jpeg\" \/>\n<meta name=\"twitter:card\" content=\"summary_large_image\" \/>\n<meta name=\"twitter:site\" content=\"@sierradelpinar\" \/>\n<meta name=\"twitter:label1\" content=\"Tiempo de lectura\" \/>\n\t<meta name=\"twitter:data1\" content=\"2 minutos\" \/>\n<script type=\"application\/ld+json\" class=\"yoast-schema-graph\">{\"@context\":\"https:\\\/\\\/schema.org\",\"@graph\":[{\"@type\":\"WebPage\",\"@id\":\"https:\\\/\\\/clubsierradelpinar.es\\\/index.php\\\/secretaria\\\/\",\"url\":\"https:\\\/\\\/clubsierradelpinar.es\\\/index.php\\\/secretaria\\\/\",\"name\":\"Secretar\u00eda virtual - Club Monta&ntilde;ero Sierra del Pinar\",\"isPartOf\":{\"@id\":\"https:\\\/\\\/clubsierradelpinar.es\\\/#website\"},\"primaryImageOfPage\":{\"@id\":\"https:\\\/\\\/clubsierradelpinar.es\\\/index.php\\\/secretaria\\\/#primaryimage\"},\"image\":{\"@id\":\"https:\\\/\\\/clubsierradelpinar.es\\\/index.php\\\/secretaria\\\/#primaryimage\"},\"thumbnailUrl\":\"https:\\\/\\\/clubsierradelpinar.es\\\/wp-content\\\/uploads\\\/2022\\\/11\\\/pulga05.jpg\",\"datePublished\":\"2019-12-18T11:39:54+00:00\",\"dateModified\":\"2023-01-11T10:48:24+00:00\",\"breadcrumb\":{\"@id\":\"https:\\\/\\\/clubsierradelpinar.es\\\/index.php\\\/secretaria\\\/#breadcrumb\"},\"inLanguage\":\"es\",\"potentialAction\":[{\"@type\":\"ReadAction\",\"target\":[\"https:\\\/\\\/clubsierradelpinar.es\\\/index.php\\\/secretaria\\\/\"]}]},{\"@type\":\"ImageObject\",\"inLanguage\":\"es\",\"@id\":\"https:\\\/\\\/clubsierradelpinar.es\\\/index.php\\\/secretaria\\\/#primaryimage\",\"url\":\"https:\\\/\\\/clubsierradelpinar.es\\\/wp-content\\\/uploads\\\/2022\\\/11\\\/pulga05.jpg\",\"contentUrl\":\"https:\\\/\\\/clubsierradelpinar.es\\\/wp-content\\\/uploads\\\/2022\\\/11\\\/pulga05.jpg\",\"width\":1280,\"height\":960},{\"@type\":\"BreadcrumbList\",\"@id\":\"https:\\\/\\\/clubsierradelpinar.es\\\/index.php\\\/secretaria\\\/#breadcrumb\",\"itemListElement\":[{\"@type\":\"ListItem\",\"position\":1,\"name\":\"Portada\",\"item\":\"https:\\\/\\\/clubsierradelpinar.es\\\/\"},{\"@type\":\"ListItem\",\"position\":2,\"name\":\"Secretar\u00eda virtual\"}]},{\"@type\":\"WebSite\",\"@id\":\"https:\\\/\\\/clubsierradelpinar.es\\\/#website\",\"url\":\"https:\\\/\\\/clubsierradelpinar.es\\\/\",\"name\":\"Club Monta&ntilde;ero Sierra del Pinar\",\"description\":\"Subiendo monta&ntilde;as desde 1971\",\"publisher\":{\"@id\":\"https:\\\/\\\/clubsierradelpinar.es\\\/#organization\"},\"potentialAction\":[{\"@type\":\"SearchAction\",\"target\":{\"@type\":\"EntryPoint\",\"urlTemplate\":\"https:\\\/\\\/clubsierradelpinar.es\\\/?s={search_term_string}\"},\"query-input\":{\"@type\":\"PropertyValueSpecification\",\"valueRequired\":true,\"valueName\":\"search_term_string\"}}],\"inLanguage\":\"es\"},{\"@type\":\"Organization\",\"@id\":\"https:\\\/\\\/clubsierradelpinar.es\\\/#organization\",\"name\":\"Club Monta\u00f1ero Sierra del Pinar\",\"url\":\"https:\\\/\\\/clubsierradelpinar.es\\\/\",\"logo\":{\"@type\":\"ImageObject\",\"inLanguage\":\"es\",\"@id\":\"https:\\\/\\\/clubsierradelpinar.es\\\/#\\\/schema\\\/logo\\\/image\\\/\",\"url\":\"https:\\\/\\\/clubsierradelpinar.es\\\/wp-content\\\/uploads\\\/2021\\\/11\\\/cropped-logo.png\",\"contentUrl\":\"https:\\\/\\\/clubsierradelpinar.es\\\/wp-content\\\/uploads\\\/2021\\\/11\\\/cropped-logo.png\",\"width\":512,\"height\":512,\"caption\":\"Club Monta\u00f1ero Sierra del Pinar\"},\"image\":{\"@id\":\"https:\\\/\\\/clubsierradelpinar.es\\\/#\\\/schema\\\/logo\\\/image\\\/\"},\"sameAs\":[\"https:\\\/\\\/www.facebook.com\\\/montaneros.sierradelpinar\",\"https:\\\/\\\/x.com\\\/sierradelpinar\",\"https:\\\/\\\/www.instagram.com\\\/sierradelpinar\\\/\"]}]}<\/script>\n<!-- \/ Yoast SEO plugin. -->","yoast_head_json":{"title":"Secretar\u00eda virtual - Club Monta&ntilde;ero Sierra del Pinar","robots":{"index":"index","follow":"follow","max-snippet":"max-snippet:-1","max-image-preview":"max-image-preview:large","max-video-preview":"max-video-preview:-1"},"canonical":"https:\/\/clubsierradelpinar.es\/index.php\/secretaria\/","og_locale":"es_ES","og_type":"article","og_title":"Secretar\u00eda virtual - Club Monta&ntilde;ero Sierra del Pinar","og_description":"Desde aqu\u00ed podr\u00e1s realizar las siguientes gestiones: Solicitar licencia federativa Consultar cuotas Solicitar alta como socio Modificar datos de socio Solicitar baja como socio Icons made by Freepik from www.flaticon.com","og_url":"https:\/\/clubsierradelpinar.es\/index.php\/secretaria\/","og_site_name":"Club Monta&ntilde;ero Sierra del Pinar","article_publisher":"https:\/\/www.facebook.com\/montaneros.sierradelpinar","article_modified_time":"2023-01-11T10:48:24+00:00","og_image":[{"width":1280,"height":960,"url":"https:\/\/clubsierradelpinar.es\/wp-content\/uploads\/2022\/11\/pulga05.jpg","type":"image\/jpeg"}],"twitter_card":"summary_large_image","twitter_site":"@sierradelpinar","twitter_misc":{"Tiempo de lectura":"2 minutos"},"schema":{"@context":"https:\/\/schema.org","@graph":[{"@type":"WebPage","@id":"https:\/\/clubsierradelpinar.es\/index.php\/secretaria\/","url":"https:\/\/clubsierradelpinar.es\/index.php\/secretaria\/","name":"Secretar\u00eda virtual - Club Monta&ntilde;ero Sierra del Pinar","isPartOf":{"@id":"https:\/\/clubsierradelpinar.es\/#website"},"primaryImageOfPage":{"@id":"https:\/\/clubsierradelpinar.es\/index.php\/secretaria\/#primaryimage"},"image":{"@id":"https:\/\/clubsierradelpinar.es\/index.php\/secretaria\/#primaryimage"},"thumbnailUrl":"https:\/\/clubsierradelpinar.es\/wp-content\/uploads\/2022\/11\/pulga05.jpg","datePublished":"2019-12-18T11:39:54+00:00","dateModified":"2023-01-11T10:48:24+00:00","breadcrumb":{"@id":"https:\/\/clubsierradelpinar.es\/index.php\/secretaria\/#breadcrumb"},"inLanguage":"es","potentialAction":[{"@type":"ReadAction","target":["https:\/\/clubsierradelpinar.es\/index.php\/secretaria\/"]}]},{"@type":"ImageObject","inLanguage":"es","@id":"https:\/\/clubsierradelpinar.es\/index.php\/secretaria\/#primaryimage","url":"https:\/\/clubsierradelpinar.es\/wp-content\/uploads\/2022\/11\/pulga05.jpg","contentUrl":"https:\/\/clubsierradelpinar.es\/wp-content\/uploads\/2022\/11\/pulga05.jpg","width":1280,"height":960},{"@type":"BreadcrumbList","@id":"https:\/\/clubsierradelpinar.es\/index.php\/secretaria\/#breadcrumb","itemListElement":[{"@type":"ListItem","position":1,"name":"Portada","item":"https:\/\/clubsierradelpinar.es\/"},{"@type":"ListItem","position":2,"name":"Secretar\u00eda virtual"}]},{"@type":"WebSite","@id":"https:\/\/clubsierradelpinar.es\/#website","url":"https:\/\/clubsierradelpinar.es\/","name":"Club Monta&ntilde;ero Sierra del Pinar","description":"Subiendo monta&ntilde;as desde 1971","publisher":{"@id":"https:\/\/clubsierradelpinar.es\/#organization"},"potentialAction":[{"@type":"SearchAction","target":{"@type":"EntryPoint","urlTemplate":"https:\/\/clubsierradelpinar.es\/?s={search_term_string}"},"query-input":{"@type":"PropertyValueSpecification","valueRequired":true,"valueName":"search_term_string"}}],"inLanguage":"es"},{"@type":"Organization","@id":"https:\/\/clubsierradelpinar.es\/#organization","name":"Club Monta\u00f1ero Sierra del Pinar","url":"https:\/\/clubsierradelpinar.es\/","logo":{"@type":"ImageObject","inLanguage":"es","@id":"https:\/\/clubsierradelpinar.es\/#\/schema\/logo\/image\/","url":"https:\/\/clubsierradelpinar.es\/wp-content\/uploads\/2021\/11\/cropped-logo.png","contentUrl":"https:\/\/clubsierradelpinar.es\/wp-content\/uploads\/2021\/11\/cropped-logo.png","width":512,"height":512,"caption":"Club Monta\u00f1ero Sierra del Pinar"},"image":{"@id":"https:\/\/clubsierradelpinar.es\/#\/schema\/logo\/image\/"},"sameAs":["https:\/\/www.facebook.com\/montaneros.sierradelpinar","https:\/\/x.com\/sierradelpinar","https:\/\/www.instagram.com\/sierradelpinar\/"]}]}},"_links":{"self":[{"href":"https:\/\/clubsierradelpinar.es\/index.php\/wp-json\/wp\/v2\/pages\/7","targetHints":{"allow":["GET"]}}],"collection":[{"href":"https:\/\/clubsierradelpinar.es\/index.php\/wp-json\/wp\/v2\/pages"}],"about":[{"href":"https:\/\/clubsierradelpinar.es\/index.php\/wp-json\/wp\/v2\/types\/page"}],"author":[{"embeddable":true,"href":"https:\/\/clubsierradelpinar.es\/index.php\/wp-json\/wp\/v2\/users\/2"}],"replies":[{"embeddable":true,"href":"https:\/\/clubsierradelpinar.es\/index.php\/wp-json\/wp\/v2\/comments?post=7"}],"version-history":[{"count":31,"href":"https:\/\/clubsierradelpinar.es\/index.php\/wp-json\/wp\/v2\/pages\/7\/revisions"}],"predecessor-version":[{"id":1451,"href":"https:\/\/clubsierradelpinar.es\/index.php\/wp-json\/wp\/v2\/pages\/7\/revisions\/1451"}],"wp:featuredmedia":[{"embeddable":true,"href":"https:\/\/clubsierradelpinar.es\/index.php\/wp-json\/wp\/v2\/media\/1199"}],"wp:attachment":[{"href":"https:\/\/clubsierradelpinar.es\/index.php\/wp-json\/wp\/v2\/media?parent=7"}],"curies":[{"name":"wp","href":"https:\/\/api.w.org\/{rel}","templated":true}]}}