{"id":46,"date":"2019-12-18T11:59:41","date_gmt":"2019-12-18T11:59:41","guid":{"rendered":"https:\/\/clubsierradelpinar.es\/?page_id=46"},"modified":"2023-01-29T08:46:18","modified_gmt":"2023-01-29T07:46:18","slug":"alta-socio","status":"publish","type":"page","link":"https:\/\/clubsierradelpinar.es\/index.php\/alta-socio\/","title":{"rendered":"Solicitar alta como socio"},"content":{"rendered":"\n<p>Te damos la bienvenida al <strong>Club Monta\u00f1ero Sierra del Pinar<\/strong>. Por favor, rellena el siguiente formulario para que podamos proceder a tu inscripci\u00f3n. Para formalizar el alta y hacerla efectiva tienes que efectuar un ingreso en la cuenta del Club (<strong>IBAN: ES28 2100 8540 8122 0080 2908<\/strong> de CaixaBank), <strong>en concepto de cuota de inscripci\u00f3n, detallando en el ingreso tu nombre y apellidos<\/strong>.<\/p>\n\n\n\n<p>Los importes son de 10\u20ac para cuotas juveniles, 20\u20ac individual y 30\u20ac familiar*.<\/p>\n\n\n\n<p><\/p>\n\n\n<div class=\"wpforms-container wpforms-container-full wpforms-block\" id=\"wpforms-11\"><form id=\"wpforms-form-11\" class=\"wpforms-validate wpforms-form\" data-formid=\"11\" method=\"post\" enctype=\"multipart\/form-data\" action=\"\/index.php\/wp-json\/wp\/v2\/pages\/46\" data-token=\"11676df96f63c54d5be1caf2233b8b95\" data-token-time=\"1777588072\"><noscript class=\"wpforms-error-noscript\">Por favor, activa JavaScript en tu navegador para completar este formulario.<\/noscript><div class=\"wpforms-field-container\"><div id=\"wpforms-11-field_0-container\" class=\"wpforms-field wpforms-field-name\" data-field-id=\"0\"><label class=\"wpforms-field-label\">Alta Nuevo Socio <span class=\"wpforms-required-label\">*<\/span><\/label><div class=\"wpforms-field-row wpforms-field-medium\"><div class=\"wpforms-field-row-block wpforms-first wpforms-one-half\"><input type=\"text\" id=\"wpforms-11-field_0\" class=\"wpforms-field-name-first wpforms-field-required\" name=\"wpforms[fields][0][first]\" required><label for=\"wpforms-11-field_0\" class=\"wpforms-field-sublabel after\">Nombre<\/label><\/div><div class=\"wpforms-field-row-block wpforms-one-half\"><input type=\"text\" id=\"wpforms-11-field_0-last\" class=\"wpforms-field-name-last wpforms-field-required\" name=\"wpforms[fields][0][last]\" required><label for=\"wpforms-11-field_0-last\" class=\"wpforms-field-sublabel after\">Apellidos<\/label><\/div><\/div><\/div><div id=\"wpforms-11-field_13-container\" class=\"wpforms-field wpforms-field-text\" data-field-id=\"13\"><label class=\"wpforms-field-label\" for=\"wpforms-11-field_13\">DNI <span class=\"wpforms-required-label\">*<\/span><\/label><input type=\"text\" id=\"wpforms-11-field_13\" class=\"wpforms-field-small wpforms-field-required wpforms-masked-input\" data-rule-inputmask-incomplete=\"1\" data-inputmask-mask=\"99999999A\" name=\"wpforms[fields][13]\" required><\/div><div id=\"wpforms-11-field_1-container\" class=\"wpforms-field wpforms-field-email\" data-field-id=\"1\"><label class=\"wpforms-field-label\" for=\"wpforms-11-field_1\">Correo electr\u00f3nico <span class=\"wpforms-required-label\">*<\/span><\/label><input type=\"email\" id=\"wpforms-11-field_1\" class=\"wpforms-field-medium wpforms-field-required\" name=\"wpforms[fields][1]\" spellcheck=\"false\" required><\/div><div id=\"wpforms-11-field_16-container\" class=\"wpforms-field wpforms-field-text\" data-field-id=\"16\"><label class=\"wpforms-field-label\" for=\"wpforms-11-field_16\">Tel\u00e9fono <span class=\"wpforms-required-label\">*<\/span><\/label><input type=\"text\" id=\"wpforms-11-field_16\" class=\"wpforms-field-medium wpforms-field-required wpforms-masked-input\" data-rule-inputmask-incomplete=\"1\" data-inputmask-mask=\"999 999 999\" name=\"wpforms[fields][16]\" required><\/div><div id=\"wpforms-11-field_7-container\" class=\"wpforms-field wpforms-field-text\" data-field-id=\"7\"><label class=\"wpforms-field-label\" for=\"wpforms-11-field_7\">Domicilio <span class=\"wpforms-required-label\">*<\/span><\/label><input type=\"text\" id=\"wpforms-11-field_7\" class=\"wpforms-field-medium wpforms-field-required\" name=\"wpforms[fields][7]\" required><\/div><div id=\"wpforms-11-field_8-container\" class=\"wpforms-field wpforms-field-text\" data-field-id=\"8\"><label class=\"wpforms-field-label\" for=\"wpforms-11-field_8\">CP <span class=\"wpforms-required-label\">*<\/span><\/label><input type=\"text\" id=\"wpforms-11-field_8\" class=\"wpforms-field-small wpforms-field-required wpforms-masked-input\" data-rule-inputmask-incomplete=\"1\" data-inputmask-mask=\"99999\" name=\"wpforms[fields][8]\" required><\/div><div id=\"wpforms-11-field_10-container\" class=\"wpforms-field wpforms-field-text\" data-field-id=\"10\"><label class=\"wpforms-field-label\" for=\"wpforms-11-field_10\">Poblaci\u00f3n <span class=\"wpforms-required-label\">*<\/span><\/label><input type=\"text\" id=\"wpforms-11-field_10\" class=\"wpforms-field-small wpforms-field-required\" name=\"wpforms[fields][10]\" required><\/div><div id=\"wpforms-11-field_11-container\" class=\"wpforms-field wpforms-field-text\" data-field-id=\"11\"><label class=\"wpforms-field-label\" for=\"wpforms-11-field_11\">Provincia <span class=\"wpforms-required-label\">*<\/span><\/label><input type=\"text\" id=\"wpforms-11-field_11\" class=\"wpforms-field-small wpforms-field-required\" name=\"wpforms[fields][11]\" required><\/div><div id=\"wpforms-11-field_14-container\" class=\"wpforms-field wpforms-field-text\" data-field-id=\"14\"><label class=\"wpforms-field-label\" for=\"wpforms-11-field_14\">Fecha de nacimiento <span class=\"wpforms-required-label\">*<\/span><\/label><input type=\"text\" id=\"wpforms-11-field_14\" class=\"wpforms-field-small wpforms-field-required wpforms-masked-input\" data-rule-inputmask-incomplete=\"1\" data-inputmask-mask=\"99\/99\/9999\" name=\"wpforms[fields][14]\" required><\/div><div id=\"wpforms-11-field_5-container\" class=\"wpforms-field wpforms-field-select wpforms-field-select-style-classic\" data-field-id=\"5\"><label class=\"wpforms-field-label\" for=\"wpforms-11-field_5\">Modalidad <span class=\"wpforms-required-label\">*<\/span><\/label><select id=\"wpforms-11-field_5\" class=\"wpforms-field-medium wpforms-field-required\" name=\"wpforms[fields][5]\" required=\"required\"><option value=\"Individual\"  class=\"choice-1 depth-1\"  >Individual<\/option><option value=\"Familiar*\"  class=\"choice-2 depth-1\"  >Familiar*<\/option><\/select><\/div><div id=\"wpforms-11-field_12-container\" class=\"wpforms-field wpforms-field-text\" data-field-id=\"12\"><label class=\"wpforms-field-label\" for=\"wpforms-11-field_12\">N\u00famero de cuenta <span class=\"wpforms-required-label\">*<\/span><\/label><input type=\"text\" id=\"wpforms-11-field_12\" class=\"wpforms-field-medium wpforms-field-required\" name=\"wpforms[fields][12]\" required><div class=\"wpforms-field-description\">En este CCC se domiciliar\u00e1n las cuotas anuales<\/div><\/div><div id=\"wpforms-11-field_2-container\" class=\"wpforms-field wpforms-field-textarea\" data-field-id=\"2\"><label class=\"wpforms-field-label\" for=\"wpforms-11-field_2\">Comentario o mensaje<\/label><textarea id=\"wpforms-11-field_2\" class=\"wpforms-field-medium\" name=\"wpforms[fields][2]\" ><\/textarea><div class=\"wpforms-field-description\">(*) La modalidad \u00abfamiliar\u00bb comprende a los c\u00f3nyuges e hijos hasta los 14 a\u00f1os.\r\nEn caso de seleccionar la modalidad familiar, indicar el nombre, apellidos, DNI, fecha de nacimiento y relaci\u00f3n de cada miembro adicional de la familia.<\/div><\/div><div id=\"wpforms-11-field_15-container\" class=\"wpforms-field wpforms-field-gdpr-checkbox\" data-field-id=\"15\"><label class=\"wpforms-field-label\">Acuerdo RGPD  <span class=\"wpforms-required-label\">*<\/span><\/label><ul id=\"wpforms-11-field_15\" class=\"wpforms-field-required\"><li class=\"choice-1\"><input type=\"checkbox\" id=\"wpforms-11-field_15_1\" name=\"wpforms[fields][15][]\" value=\"Doy mi consentimiento para que esta web almacene la informaci\u00f3n que env\u00edo para que puedan responder a mi petici\u00f3n. \" required ><label class=\"wpforms-field-label-inline\" for=\"wpforms-11-field_15_1\">Doy mi consentimiento para que esta web almacene la informaci\u00f3n que env\u00edo para que puedan responder a mi petici\u00f3n. <\/label><\/li><\/ul><\/div><\/div><!-- .wpforms-field-container --><div class=\"wpforms-field wpforms-field-hp\"><label for=\"wpforms-11-field-hp\" class=\"wpforms-field-label\">Message<\/label><input type=\"text\" name=\"wpforms[hp]\" id=\"wpforms-11-field-hp\" class=\"wpforms-field-medium\"><\/div><div class=\"wpforms-recaptcha-container wpforms-is-recaptcha wpforms-is-recaptcha-type-v2\" ><div class=\"g-recaptcha\" data-sitekey=\"6LeRXMgUAAAAAHCoee8TrbyxXxc951AlVlbjnk9C\"><\/div><input type=\"text\" name=\"g-recaptcha-hidden\" class=\"wpforms-recaptcha-hidden\" style=\"position:absolute!important;clip:rect(0,0,0,0)!important;height:1px!important;width:1px!important;border:0!important;overflow:hidden!important;padding:0!important;margin:0!important;\" data-rule-recaptcha=\"1\"><\/div><div class=\"wpforms-submit-container\" ><input type=\"hidden\" name=\"wpforms[id]\" value=\"11\"><input type=\"hidden\" name=\"page_title\" value=\"\"><input type=\"hidden\" name=\"page_url\" value=\"https:\/\/clubsierradelpinar.es\/index.php\/wp-json\/wp\/v2\/pages\/46\"><input type=\"hidden\" name=\"url_referer\" value=\"\"><button type=\"submit\" name=\"wpforms[submit]\" id=\"wpforms-submit-11\" class=\"wpforms-submit\" data-alt-text=\"Enviando...\" data-submit-text=\"Enviar\" aria-live=\"assertive\" value=\"wpforms-submit\">Enviar<\/button><\/div><\/form><\/div>  <!-- .wpforms-container -->","protected":false},"excerpt":{"rendered":"<p>Te damos la bienvenida al Club Monta\u00f1ero Sierra del Pinar. Por favor, rellena el siguiente formulario para que podamos proceder a tu inscripci\u00f3n. Para formalizar el alta y hacerla efectiva tienes que efectuar un ingreso en la cuenta del Club (IBAN: ES28 2100 8540 8122 0080 2908 de CaixaBank), en [&hellip;]<\/p>\n","protected":false},"author":2,"featured_media":0,"parent":0,"menu_order":0,"comment_status":"closed","ping_status":"closed","template":"","meta":{"_mc_calendar":[],"footnotes":""},"class_list":["post-46","page","type-page","status-publish","hentry"],"yoast_head":"<!-- This site is optimized with the Yoast SEO plugin v27.3 - https:\/\/yoast.com\/product\/yoast-seo-wordpress\/ -->\n<title>Solicitar alta como socio - Club Monta&ntilde;ero Sierra del Pinar<\/title>\n<meta name=\"robots\" content=\"index, follow, max-snippet:-1, max-image-preview:large, max-video-preview:-1\" \/>\n<link rel=\"canonical\" href=\"https:\/\/clubsierradelpinar.es\/index.php\/alta-socio\/\" \/>\n<meta property=\"og:locale\" content=\"es_ES\" \/>\n<meta property=\"og:type\" content=\"article\" \/>\n<meta property=\"og:title\" content=\"Solicitar alta como socio - Club Monta&ntilde;ero Sierra del Pinar\" \/>\n<meta property=\"og:description\" content=\"Te damos la bienvenida al Club Monta\u00f1ero Sierra del Pinar. Por favor, rellena el siguiente formulario para que podamos proceder a tu inscripci\u00f3n. Para formalizar el alta y hacerla efectiva tienes que efectuar un ingreso en la cuenta del Club (IBAN: ES28 2100 8540 8122 0080 2908 de CaixaBank), en [&hellip;]\" \/>\n<meta property=\"og:url\" content=\"https:\/\/clubsierradelpinar.es\/index.php\/alta-socio\/\" \/>\n<meta property=\"og:site_name\" content=\"Club Monta&ntilde;ero Sierra del Pinar\" \/>\n<meta property=\"article:publisher\" content=\"https:\/\/www.facebook.com\/montaneros.sierradelpinar\" \/>\n<meta property=\"article:modified_time\" content=\"2023-01-29T07:46:18+00:00\" \/>\n<meta name=\"twitter:card\" content=\"summary_large_image\" \/>\n<meta name=\"twitter:site\" content=\"@sierradelpinar\" \/>\n<meta name=\"twitter:label1\" content=\"Tiempo de lectura\" \/>\n\t<meta name=\"twitter:data1\" content=\"1 minuto\" \/>\n<script type=\"application\/ld+json\" class=\"yoast-schema-graph\">{\"@context\":\"https:\\\/\\\/schema.org\",\"@graph\":[{\"@type\":\"WebPage\",\"@id\":\"https:\\\/\\\/clubsierradelpinar.es\\\/index.php\\\/alta-socio\\\/\",\"url\":\"https:\\\/\\\/clubsierradelpinar.es\\\/index.php\\\/alta-socio\\\/\",\"name\":\"Solicitar alta como socio - Club Monta&ntilde;ero Sierra del Pinar\",\"isPartOf\":{\"@id\":\"https:\\\/\\\/clubsierradelpinar.es\\\/#website\"},\"datePublished\":\"2019-12-18T11:59:41+00:00\",\"dateModified\":\"2023-01-29T07:46:18+00:00\",\"breadcrumb\":{\"@id\":\"https:\\\/\\\/clubsierradelpinar.es\\\/index.php\\\/alta-socio\\\/#breadcrumb\"},\"inLanguage\":\"es\",\"potentialAction\":[{\"@type\":\"ReadAction\",\"target\":[\"https:\\\/\\\/clubsierradelpinar.es\\\/index.php\\\/alta-socio\\\/\"]}]},{\"@type\":\"BreadcrumbList\",\"@id\":\"https:\\\/\\\/clubsierradelpinar.es\\\/index.php\\\/alta-socio\\\/#breadcrumb\",\"itemListElement\":[{\"@type\":\"ListItem\",\"position\":1,\"name\":\"Portada\",\"item\":\"https:\\\/\\\/clubsierradelpinar.es\\\/\"},{\"@type\":\"ListItem\",\"position\":2,\"name\":\"Solicitar alta como socio\"}]},{\"@type\":\"WebSite\",\"@id\":\"https:\\\/\\\/clubsierradelpinar.es\\\/#website\",\"url\":\"https:\\\/\\\/clubsierradelpinar.es\\\/\",\"name\":\"Club Monta&ntilde;ero Sierra del Pinar\",\"description\":\"Subiendo monta&ntilde;as desde 1971\",\"publisher\":{\"@id\":\"https:\\\/\\\/clubsierradelpinar.es\\\/#organization\"},\"potentialAction\":[{\"@type\":\"SearchAction\",\"target\":{\"@type\":\"EntryPoint\",\"urlTemplate\":\"https:\\\/\\\/clubsierradelpinar.es\\\/?s={search_term_string}\"},\"query-input\":{\"@type\":\"PropertyValueSpecification\",\"valueRequired\":true,\"valueName\":\"search_term_string\"}}],\"inLanguage\":\"es\"},{\"@type\":\"Organization\",\"@id\":\"https:\\\/\\\/clubsierradelpinar.es\\\/#organization\",\"name\":\"Club Monta\u00f1ero Sierra del Pinar\",\"url\":\"https:\\\/\\\/clubsierradelpinar.es\\\/\",\"logo\":{\"@type\":\"ImageObject\",\"inLanguage\":\"es\",\"@id\":\"https:\\\/\\\/clubsierradelpinar.es\\\/#\\\/schema\\\/logo\\\/image\\\/\",\"url\":\"https:\\\/\\\/clubsierradelpinar.es\\\/wp-content\\\/uploads\\\/2021\\\/11\\\/cropped-logo.png\",\"contentUrl\":\"https:\\\/\\\/clubsierradelpinar.es\\\/wp-content\\\/uploads\\\/2021\\\/11\\\/cropped-logo.png\",\"width\":512,\"height\":512,\"caption\":\"Club Monta\u00f1ero Sierra del Pinar\"},\"image\":{\"@id\":\"https:\\\/\\\/clubsierradelpinar.es\\\/#\\\/schema\\\/logo\\\/image\\\/\"},\"sameAs\":[\"https:\\\/\\\/www.facebook.com\\\/montaneros.sierradelpinar\",\"https:\\\/\\\/x.com\\\/sierradelpinar\",\"https:\\\/\\\/www.instagram.com\\\/sierradelpinar\\\/\"]}]}<\/script>\n<!-- \/ Yoast SEO plugin. -->","yoast_head_json":{"title":"Solicitar alta como socio - Club Monta&ntilde;ero Sierra del Pinar","robots":{"index":"index","follow":"follow","max-snippet":"max-snippet:-1","max-image-preview":"max-image-preview:large","max-video-preview":"max-video-preview:-1"},"canonical":"https:\/\/clubsierradelpinar.es\/index.php\/alta-socio\/","og_locale":"es_ES","og_type":"article","og_title":"Solicitar alta como socio - Club Monta&ntilde;ero Sierra del Pinar","og_description":"Te damos la bienvenida al Club Monta\u00f1ero Sierra del Pinar. Por favor, rellena el siguiente formulario para que podamos proceder a tu inscripci\u00f3n. Para formalizar el alta y hacerla efectiva tienes que efectuar un ingreso en la cuenta del Club (IBAN: ES28 2100 8540 8122 0080 2908 de CaixaBank), en [&hellip;]","og_url":"https:\/\/clubsierradelpinar.es\/index.php\/alta-socio\/","og_site_name":"Club Monta&ntilde;ero Sierra del Pinar","article_publisher":"https:\/\/www.facebook.com\/montaneros.sierradelpinar","article_modified_time":"2023-01-29T07:46:18+00:00","twitter_card":"summary_large_image","twitter_site":"@sierradelpinar","twitter_misc":{"Tiempo de lectura":"1 minuto"},"schema":{"@context":"https:\/\/schema.org","@graph":[{"@type":"WebPage","@id":"https:\/\/clubsierradelpinar.es\/index.php\/alta-socio\/","url":"https:\/\/clubsierradelpinar.es\/index.php\/alta-socio\/","name":"Solicitar alta como socio - Club Monta&ntilde;ero Sierra del Pinar","isPartOf":{"@id":"https:\/\/clubsierradelpinar.es\/#website"},"datePublished":"2019-12-18T11:59:41+00:00","dateModified":"2023-01-29T07:46:18+00:00","breadcrumb":{"@id":"https:\/\/clubsierradelpinar.es\/index.php\/alta-socio\/#breadcrumb"},"inLanguage":"es","potentialAction":[{"@type":"ReadAction","target":["https:\/\/clubsierradelpinar.es\/index.php\/alta-socio\/"]}]},{"@type":"BreadcrumbList","@id":"https:\/\/clubsierradelpinar.es\/index.php\/alta-socio\/#breadcrumb","itemListElement":[{"@type":"ListItem","position":1,"name":"Portada","item":"https:\/\/clubsierradelpinar.es\/"},{"@type":"ListItem","position":2,"name":"Solicitar alta como socio"}]},{"@type":"WebSite","@id":"https:\/\/clubsierradelpinar.es\/#website","url":"https:\/\/clubsierradelpinar.es\/","name":"Club Monta&ntilde;ero Sierra del Pinar","description":"Subiendo monta&ntilde;as desde 1971","publisher":{"@id":"https:\/\/clubsierradelpinar.es\/#organization"},"potentialAction":[{"@type":"SearchAction","target":{"@type":"EntryPoint","urlTemplate":"https:\/\/clubsierradelpinar.es\/?s={search_term_string}"},"query-input":{"@type":"PropertyValueSpecification","valueRequired":true,"valueName":"search_term_string"}}],"inLanguage":"es"},{"@type":"Organization","@id":"https:\/\/clubsierradelpinar.es\/#organization","name":"Club Monta\u00f1ero Sierra del Pinar","url":"https:\/\/clubsierradelpinar.es\/","logo":{"@type":"ImageObject","inLanguage":"es","@id":"https:\/\/clubsierradelpinar.es\/#\/schema\/logo\/image\/","url":"https:\/\/clubsierradelpinar.es\/wp-content\/uploads\/2021\/11\/cropped-logo.png","contentUrl":"https:\/\/clubsierradelpinar.es\/wp-content\/uploads\/2021\/11\/cropped-logo.png","width":512,"height":512,"caption":"Club Monta\u00f1ero Sierra del Pinar"},"image":{"@id":"https:\/\/clubsierradelpinar.es\/#\/schema\/logo\/image\/"},"sameAs":["https:\/\/www.facebook.com\/montaneros.sierradelpinar","https:\/\/x.com\/sierradelpinar","https:\/\/www.instagram.com\/sierradelpinar\/"]}]}},"_links":{"self":[{"href":"https:\/\/clubsierradelpinar.es\/index.php\/wp-json\/wp\/v2\/pages\/46","targetHints":{"allow":["GET"]}}],"collection":[{"href":"https:\/\/clubsierradelpinar.es\/index.php\/wp-json\/wp\/v2\/pages"}],"about":[{"href":"https:\/\/clubsierradelpinar.es\/index.php\/wp-json\/wp\/v2\/types\/page"}],"author":[{"embeddable":true,"href":"https:\/\/clubsierradelpinar.es\/index.php\/wp-json\/wp\/v2\/users\/2"}],"replies":[{"embeddable":true,"href":"https:\/\/clubsierradelpinar.es\/index.php\/wp-json\/wp\/v2\/comments?post=46"}],"version-history":[{"count":6,"href":"https:\/\/clubsierradelpinar.es\/index.php\/wp-json\/wp\/v2\/pages\/46\/revisions"}],"predecessor-version":[{"id":2507,"href":"https:\/\/clubsierradelpinar.es\/index.php\/wp-json\/wp\/v2\/pages\/46\/revisions\/2507"}],"wp:attachment":[{"href":"https:\/\/clubsierradelpinar.es\/index.php\/wp-json\/wp\/v2\/media?parent=46"}],"curies":[{"name":"wp","href":"https:\/\/api.w.org\/{rel}","templated":true}]}}