{"id":41,"date":"2019-12-18T11:53:08","date_gmt":"2019-12-18T11:53:08","guid":{"rendered":"https:\/\/clubsierradelpinar.es\/?page_id=41"},"modified":"2025-12-28T16:06:17","modified_gmt":"2025-12-28T15:06:17","slug":"solicitar-licencia","status":"publish","type":"page","link":"https:\/\/clubsierradelpinar.es\/index.php\/solicitar-licencia\/","title":{"rendered":"Licencia Federativa"},"content":{"rendered":"\n<h5 class=\"wp-block-heading\" id=\"plazo-ordinario\">Plazo ordinario<\/h5>\n\n\n\n<ul class=\"wp-block-list\">\n<li>El plazo <em>\u00abnormal\u00bb<\/em> para gestionar la solicitud de la licencia federativa anual se mantendr\u00e1 abierto <strong>hasta el 29 de diciembre<\/strong> del ejercicio precedente.<\/li>\n\n\n\n<li>El cargo correspondiente a licencia solicitada se har\u00e1 en la cuenta del solicitante <strong>junto con la cuota correspondiente al primer semestre del a\u00f1o entrante<\/strong>.<\/li>\n\n\n\n<li>La licencia federativa tendr\u00e1 validez a partir del d\u00eda 1 de enero del a\u00f1o en cuesti\u00f3n.<\/li>\n<\/ul>\n\n\n\n<h5 class=\"wp-block-heading\" id=\"plazo-extraordinario\">Plazo extraordinario<\/h5>\n\n\n\n<ul class=\"wp-block-list\">\n<li>Las licencias federativas anuales se podr\u00e1n solicitar en cualquier momento una vez entrado el a\u00f1o.<\/li>\n\n\n\n<li>Las solicitudes se tramitar\u00e1n en remesas mensuales para facilitar las gesti\u00f3n entre Club y Federaci\u00f3n.<\/li>\n\n\n\n<li>La tarifa correspondiente a la licencia solicitada <strong>deber\u00e1 ser ingresada en la cuenta del Club (ES28 2100 8540 8122 0080 2908) por el solicitante, identificando en el concepto del ingreso nombre del solicitante y modalidad de la licencia<\/strong>, para que \u00e9sta pueda ser cursada.<\/li>\n<\/ul>\n\n\n\n<h5 class=\"wp-block-heading\" id=\"acceso-a-la-licencia\">Acceso a la licencia<\/h5>\n\n\n\n<ul class=\"wp-block-list\">\n<li>La FAM (Federaci\u00f3n Andaluza de Deportes de Monta\u00f1a, Escalada y Senderismo) pone a disposici\u00f3n de las personas federadas <a href=\"https:\/\/fedamon.es\/app-en-movil\/\" target=\"_blank\" rel=\"noreferrer noopener\">una aplicaci\u00f3n m\u00f3vil (<em>app<\/em>)<\/a>&nbsp;que permite llevar la licencia en el tel\u00e9fono y acceder con facilidad a los procedimientos m\u00e1s habituales.<\/li>\n\n\n\n<li>Tambi\u00e9n puedes disponer de la licencia federativa en formato f\u00edsico especificando la impresi\u00f3n de la misma a la hora de solicitar tu licencia. <strong>Este procedimiento tendr\u00e1 un coste extra de 5,00 \u20ac.<\/strong><\/li>\n<\/ul>\n\n\n\n<h5 class=\"wp-block-heading\" id=\"tarifas\">Tarifas<\/h5>\n\n\n\n<ul class=\"wp-block-list\">\n<li>Puedes consultar precios y modalidades en <a href=\"https:\/\/fedamon.es\/tarifas\/\" target=\"_blank\" rel=\"noreferrer noopener\">la p\u00e1gina de la Federaci\u00f3n<\/a>.<\/li>\n<\/ul>\n\n\n\n<h5 class=\"wp-block-heading\" id=\"formulario-de-solicitud\">Formulario de solicitud<\/h5>\n\n\n<div class=\"wpforms-container wpforms-container-full wpforms-block wpforms-block-02aee30a-12b2-4164-b0e8-53fec62b2712\" id=\"wpforms-13\"><form id=\"wpforms-form-13\" class=\"wpforms-validate wpforms-form\" data-formid=\"13\" method=\"post\" enctype=\"multipart\/form-data\" action=\"\/index.php\/wp-json\/wp\/v2\/pages\/41\" data-token=\"7a432d9e1381a6a5690b239b2a4cb537\" data-token-time=\"1776380811\"><noscript class=\"wpforms-error-noscript\">Por favor, activa JavaScript en tu navegador para completar este formulario.<\/noscript><div class=\"wpforms-field-container\"><div id=\"wpforms-13-field_0-container\" class=\"wpforms-field wpforms-field-name\" data-field-id=\"0\"><label class=\"wpforms-field-label\">Nombre <span class=\"wpforms-required-label\">*<\/span><\/label><div class=\"wpforms-field-row wpforms-field-medium\"><div class=\"wpforms-field-row-block wpforms-first wpforms-one-half\"><input type=\"text\" id=\"wpforms-13-field_0\" class=\"wpforms-field-name-first wpforms-field-required\" name=\"wpforms[fields][0][first]\" required><label for=\"wpforms-13-field_0\" class=\"wpforms-field-sublabel after\">Nombre<\/label><\/div><div class=\"wpforms-field-row-block wpforms-one-half\"><input type=\"text\" id=\"wpforms-13-field_0-last\" class=\"wpforms-field-name-last wpforms-field-required\" name=\"wpforms[fields][0][last]\" required><label for=\"wpforms-13-field_0-last\" class=\"wpforms-field-sublabel after\">Apellidos<\/label><\/div><\/div><\/div><div id=\"wpforms-13-field_16-container\" class=\"wpforms-field wpforms-field-email\" data-field-id=\"16\"><label class=\"wpforms-field-label\" for=\"wpforms-13-field_16\">Correo electr\u00f3nico <span class=\"wpforms-required-label\">*<\/span><\/label><input type=\"email\" id=\"wpforms-13-field_16\" class=\"wpforms-field-medium wpforms-field-required\" name=\"wpforms[fields][16]\" spellcheck=\"false\" required><\/div><div id=\"wpforms-13-field_13-container\" class=\"wpforms-field wpforms-field-text\" data-field-id=\"13\"><label class=\"wpforms-field-label\" for=\"wpforms-13-field_13\">Fecha de nacimiento <span class=\"wpforms-required-label\">*<\/span><\/label><input type=\"text\" id=\"wpforms-13-field_13\" class=\"wpforms-field-medium wpforms-field-required wpforms-masked-input\" data-rule-inputmask-incomplete=\"1\" data-inputmask-mask=\"99\/99\/9999\" name=\"wpforms[fields][13]\" required><div class=\"wpforms-field-description\">Introduce tu fecha de nacimiento (ej. 01\/01\/1980)<\/div><\/div><div id=\"wpforms-13-field_5-container\" class=\"wpforms-field wpforms-field-text\" data-field-id=\"5\"><label class=\"wpforms-field-label\" for=\"wpforms-13-field_5\">NIF <span class=\"wpforms-required-label\">*<\/span><\/label><input type=\"text\" id=\"wpforms-13-field_5\" class=\"wpforms-field-small wpforms-field-required wpforms-masked-input\" data-rule-inputmask-incomplete=\"1\" data-inputmask-mask=\"99999999A\" name=\"wpforms[fields][5]\" required><div class=\"wpforms-field-description\">N\u00famero y letra<\/div><\/div><div id=\"wpforms-13-field_3-container\" class=\"wpforms-field wpforms-field-select wpforms-field-select-style-classic\" data-field-id=\"3\"><label class=\"wpforms-field-label\" for=\"wpforms-13-field_3\">Modalidad <span class=\"wpforms-required-label\">*<\/span><\/label><select id=\"wpforms-13-field_3\" class=\"wpforms-field-medium wpforms-field-required\" name=\"wpforms[fields][3]\" required=\"required\"><option value=\"A\"  class=\"choice-1 depth-1\"  >A<\/option><option value=\"A+\"  class=\"choice-2 depth-1\"  >A+<\/option><option value=\"A FAMILIAR\"  class=\"choice-3 depth-1\"  >A FAMILIAR<\/option><option value=\"A11\"  class=\"choice-11 depth-1\"  >A11<\/option><option value=\"A-IS\"  class=\"choice-10 depth-1\"  >A-IS<\/option><option value=\"A65\"  class=\"choice-9 depth-1\"  >A65<\/option><option value=\"B\"  class=\"choice-8 depth-1\"  >B<\/option><option value=\"B+\"  class=\"choice-7 depth-1\"  >B+<\/option><option value=\"B FAMILIAR\"  class=\"choice-6 depth-1\"  >B FAMILIAR<\/option><option value=\"B65\"  class=\"choice-18 depth-1\"  >B65<\/option><option value=\"C\"  class=\"choice-5 depth-1\"  >C<\/option><option value=\"C FAMILIAR\"  class=\"choice-4 depth-1\"  >C FAMILIAR<\/option><option value=\"D\"  class=\"choice-15 depth-1\"  >D<\/option><option value=\"D2\"  class=\"choice-14 depth-1\"  >D2<\/option><option value=\"A2\"  class=\"choice-13 depth-1\"  >A2<\/option><option value=\"A4\"  class=\"choice-12 depth-1\"  >A4<\/option><option value=\"E\"  class=\"choice-17 depth-1\"  >E<\/option><option value=\"F\"  class=\"choice-16 depth-1\"  >F<\/option><\/select><div class=\"wpforms-field-description\">Selecciona la modalidad que deseas contratar.<\/div><\/div><div id=\"wpforms-13-field_11-container\" class=\"wpforms-field wpforms-field-checkbox\" data-field-id=\"11\"><label class=\"wpforms-field-label\">Impresi\u00f3n de tarjeta federativa<\/label><ul id=\"wpforms-13-field_11\"><li class=\"choice-1 depth-1\"><input type=\"checkbox\" id=\"wpforms-13-field_11_1\" name=\"wpforms[fields][11][]\" value=\"Deseo recibir la licencia federativa en formato f\u00edsico.\"  ><label class=\"wpforms-field-label-inline\" for=\"wpforms-13-field_11_1\">Deseo recibir la licencia federativa en formato f\u00edsico.<\/label><\/li><\/ul><div class=\"wpforms-field-description\">\u26a0\ufe0f Esta opci\u00f3n conlleva un sobrecoste de 5 \u20ac.<\/div><\/div><div id=\"wpforms-13-field_2-container\" class=\"wpforms-field wpforms-field-textarea\" data-field-id=\"2\"><label class=\"wpforms-field-label\" for=\"wpforms-13-field_2\">Comentario o mensaje<\/label><textarea id=\"wpforms-13-field_2\" class=\"wpforms-field-medium\" name=\"wpforms[fields][2]\" ><\/textarea><\/div><div id=\"wpforms-13-field_7-container\" class=\"wpforms-field wpforms-field-gdpr-checkbox\" data-field-id=\"7\"><label class=\"wpforms-field-label\">Acuerdo RGPD  <span class=\"wpforms-required-label\">*<\/span><\/label><ul id=\"wpforms-13-field_7\" class=\"wpforms-field-required\"><li class=\"choice-1\"><input type=\"checkbox\" id=\"wpforms-13-field_7_1\" name=\"wpforms[fields][7][]\" value=\"Doy mi consentimiento para que esta web almacene la informaci\u00f3n que env\u00edo para que puedan responder a mi petici\u00f3n. \" required ><label class=\"wpforms-field-label-inline\" for=\"wpforms-13-field_7_1\">Doy mi consentimiento para que esta web almacene la informaci\u00f3n que env\u00edo para que puedan responder a mi petici\u00f3n. <\/label><\/li><\/ul><\/div><\/div><!-- .wpforms-field-container --><div class=\"wpforms-field wpforms-field-hp\"><label for=\"wpforms-13-field-hp\" class=\"wpforms-field-label\">Website<\/label><input type=\"text\" name=\"wpforms[hp]\" id=\"wpforms-13-field-hp\" class=\"wpforms-field-medium\"><\/div><div class=\"wpforms-recaptcha-container wpforms-is-recaptcha wpforms-is-recaptcha-type-v2\" ><div class=\"g-recaptcha\" data-sitekey=\"6LeRXMgUAAAAAHCoee8TrbyxXxc951AlVlbjnk9C\"><\/div><input type=\"text\" name=\"g-recaptcha-hidden\" class=\"wpforms-recaptcha-hidden\" style=\"position:absolute!important;clip:rect(0,0,0,0)!important;height:1px!important;width:1px!important;border:0!important;overflow:hidden!important;padding:0!important;margin:0!important;\" data-rule-recaptcha=\"1\"><\/div><div class=\"wpforms-submit-container\" ><input type=\"hidden\" name=\"wpforms[id]\" value=\"13\"><input type=\"hidden\" name=\"page_title\" value=\"\"><input type=\"hidden\" name=\"page_url\" value=\"https:\/\/clubsierradelpinar.es\/index.php\/wp-json\/wp\/v2\/pages\/41\"><input type=\"hidden\" name=\"url_referer\" value=\"\"><button type=\"submit\" name=\"wpforms[submit]\" id=\"wpforms-submit-13\" class=\"wpforms-submit\" data-alt-text=\"Enviando...\" data-submit-text=\"Enviar\" aria-live=\"assertive\" value=\"wpforms-submit\">Enviar<\/button><\/div><\/form><\/div>  <!-- .wpforms-container -->","protected":false},"excerpt":{"rendered":"<p>Plazo ordinario Plazo extraordinario Acceso a la licencia Tarifas Formulario de solicitud<\/p>\n","protected":false},"author":2,"featured_media":0,"parent":0,"menu_order":0,"comment_status":"closed","ping_status":"closed","template":"","meta":{"_mc_calendar":[],"footnotes":""},"class_list":["post-41","page","type-page","status-publish","hentry"],"yoast_head":"<!-- This site is optimized with the Yoast SEO plugin v27.3 - https:\/\/yoast.com\/product\/yoast-seo-wordpress\/ -->\n<title>Licencia Federativa - Club Monta&ntilde;ero Sierra del Pinar<\/title>\n<meta name=\"robots\" content=\"index, follow, max-snippet:-1, max-image-preview:large, max-video-preview:-1\" \/>\n<link rel=\"canonical\" href=\"https:\/\/clubsierradelpinar.es\/index.php\/solicitar-licencia\/\" \/>\n<meta property=\"og:locale\" content=\"es_ES\" \/>\n<meta property=\"og:type\" content=\"article\" \/>\n<meta property=\"og:title\" content=\"Licencia Federativa - Club Monta&ntilde;ero Sierra del Pinar\" \/>\n<meta property=\"og:description\" content=\"Plazo ordinario Plazo extraordinario Acceso a la licencia Tarifas Formulario de solicitud\" \/>\n<meta property=\"og:url\" content=\"https:\/\/clubsierradelpinar.es\/index.php\/solicitar-licencia\/\" \/>\n<meta property=\"og:site_name\" content=\"Club Monta&ntilde;ero Sierra del Pinar\" \/>\n<meta property=\"article:publisher\" content=\"https:\/\/www.facebook.com\/montaneros.sierradelpinar\" \/>\n<meta property=\"article:modified_time\" content=\"2025-12-28T15:06:17+00:00\" \/>\n<meta name=\"twitter:card\" content=\"summary_large_image\" \/>\n<meta name=\"twitter:site\" content=\"@sierradelpinar\" \/>\n<meta name=\"twitter:label1\" content=\"Tiempo de lectura\" \/>\n\t<meta name=\"twitter:data1\" content=\"2 minutos\" \/>\n<script type=\"application\/ld+json\" class=\"yoast-schema-graph\">{\"@context\":\"https:\\\/\\\/schema.org\",\"@graph\":[{\"@type\":\"WebPage\",\"@id\":\"https:\\\/\\\/clubsierradelpinar.es\\\/index.php\\\/solicitar-licencia\\\/\",\"url\":\"https:\\\/\\\/clubsierradelpinar.es\\\/index.php\\\/solicitar-licencia\\\/\",\"name\":\"Licencia Federativa - Club Monta&ntilde;ero Sierra del Pinar\",\"isPartOf\":{\"@id\":\"https:\\\/\\\/clubsierradelpinar.es\\\/#website\"},\"datePublished\":\"2019-12-18T11:53:08+00:00\",\"dateModified\":\"2025-12-28T15:06:17+00:00\",\"breadcrumb\":{\"@id\":\"https:\\\/\\\/clubsierradelpinar.es\\\/index.php\\\/solicitar-licencia\\\/#breadcrumb\"},\"inLanguage\":\"es\",\"potentialAction\":[{\"@type\":\"ReadAction\",\"target\":[\"https:\\\/\\\/clubsierradelpinar.es\\\/index.php\\\/solicitar-licencia\\\/\"]}]},{\"@type\":\"BreadcrumbList\",\"@id\":\"https:\\\/\\\/clubsierradelpinar.es\\\/index.php\\\/solicitar-licencia\\\/#breadcrumb\",\"itemListElement\":[{\"@type\":\"ListItem\",\"position\":1,\"name\":\"Portada\",\"item\":\"https:\\\/\\\/clubsierradelpinar.es\\\/\"},{\"@type\":\"ListItem\",\"position\":2,\"name\":\"Licencia Federativa\"}]},{\"@type\":\"WebSite\",\"@id\":\"https:\\\/\\\/clubsierradelpinar.es\\\/#website\",\"url\":\"https:\\\/\\\/clubsierradelpinar.es\\\/\",\"name\":\"Club Monta&ntilde;ero Sierra del Pinar\",\"description\":\"Subiendo monta&ntilde;as desde 1971\",\"publisher\":{\"@id\":\"https:\\\/\\\/clubsierradelpinar.es\\\/#organization\"},\"potentialAction\":[{\"@type\":\"SearchAction\",\"target\":{\"@type\":\"EntryPoint\",\"urlTemplate\":\"https:\\\/\\\/clubsierradelpinar.es\\\/?s={search_term_string}\"},\"query-input\":{\"@type\":\"PropertyValueSpecification\",\"valueRequired\":true,\"valueName\":\"search_term_string\"}}],\"inLanguage\":\"es\"},{\"@type\":\"Organization\",\"@id\":\"https:\\\/\\\/clubsierradelpinar.es\\\/#organization\",\"name\":\"Club Monta\u00f1ero Sierra del Pinar\",\"url\":\"https:\\\/\\\/clubsierradelpinar.es\\\/\",\"logo\":{\"@type\":\"ImageObject\",\"inLanguage\":\"es\",\"@id\":\"https:\\\/\\\/clubsierradelpinar.es\\\/#\\\/schema\\\/logo\\\/image\\\/\",\"url\":\"https:\\\/\\\/clubsierradelpinar.es\\\/wp-content\\\/uploads\\\/2021\\\/11\\\/cropped-logo.png\",\"contentUrl\":\"https:\\\/\\\/clubsierradelpinar.es\\\/wp-content\\\/uploads\\\/2021\\\/11\\\/cropped-logo.png\",\"width\":512,\"height\":512,\"caption\":\"Club Monta\u00f1ero Sierra del Pinar\"},\"image\":{\"@id\":\"https:\\\/\\\/clubsierradelpinar.es\\\/#\\\/schema\\\/logo\\\/image\\\/\"},\"sameAs\":[\"https:\\\/\\\/www.facebook.com\\\/montaneros.sierradelpinar\",\"https:\\\/\\\/x.com\\\/sierradelpinar\",\"https:\\\/\\\/www.instagram.com\\\/sierradelpinar\\\/\"]}]}<\/script>\n<!-- \/ Yoast SEO plugin. -->","yoast_head_json":{"title":"Licencia Federativa - Club Monta&ntilde;ero Sierra del Pinar","robots":{"index":"index","follow":"follow","max-snippet":"max-snippet:-1","max-image-preview":"max-image-preview:large","max-video-preview":"max-video-preview:-1"},"canonical":"https:\/\/clubsierradelpinar.es\/index.php\/solicitar-licencia\/","og_locale":"es_ES","og_type":"article","og_title":"Licencia Federativa - Club Monta&ntilde;ero Sierra del Pinar","og_description":"Plazo ordinario Plazo extraordinario Acceso a la licencia Tarifas Formulario de solicitud","og_url":"https:\/\/clubsierradelpinar.es\/index.php\/solicitar-licencia\/","og_site_name":"Club Monta&ntilde;ero Sierra del Pinar","article_publisher":"https:\/\/www.facebook.com\/montaneros.sierradelpinar","article_modified_time":"2025-12-28T15:06:17+00:00","twitter_card":"summary_large_image","twitter_site":"@sierradelpinar","twitter_misc":{"Tiempo de lectura":"2 minutos"},"schema":{"@context":"https:\/\/schema.org","@graph":[{"@type":"WebPage","@id":"https:\/\/clubsierradelpinar.es\/index.php\/solicitar-licencia\/","url":"https:\/\/clubsierradelpinar.es\/index.php\/solicitar-licencia\/","name":"Licencia Federativa - Club Monta&ntilde;ero Sierra del Pinar","isPartOf":{"@id":"https:\/\/clubsierradelpinar.es\/#website"},"datePublished":"2019-12-18T11:53:08+00:00","dateModified":"2025-12-28T15:06:17+00:00","breadcrumb":{"@id":"https:\/\/clubsierradelpinar.es\/index.php\/solicitar-licencia\/#breadcrumb"},"inLanguage":"es","potentialAction":[{"@type":"ReadAction","target":["https:\/\/clubsierradelpinar.es\/index.php\/solicitar-licencia\/"]}]},{"@type":"BreadcrumbList","@id":"https:\/\/clubsierradelpinar.es\/index.php\/solicitar-licencia\/#breadcrumb","itemListElement":[{"@type":"ListItem","position":1,"name":"Portada","item":"https:\/\/clubsierradelpinar.es\/"},{"@type":"ListItem","position":2,"name":"Licencia Federativa"}]},{"@type":"WebSite","@id":"https:\/\/clubsierradelpinar.es\/#website","url":"https:\/\/clubsierradelpinar.es\/","name":"Club Monta&ntilde;ero Sierra del Pinar","description":"Subiendo monta&ntilde;as desde 1971","publisher":{"@id":"https:\/\/clubsierradelpinar.es\/#organization"},"potentialAction":[{"@type":"SearchAction","target":{"@type":"EntryPoint","urlTemplate":"https:\/\/clubsierradelpinar.es\/?s={search_term_string}"},"query-input":{"@type":"PropertyValueSpecification","valueRequired":true,"valueName":"search_term_string"}}],"inLanguage":"es"},{"@type":"Organization","@id":"https:\/\/clubsierradelpinar.es\/#organization","name":"Club Monta\u00f1ero Sierra del Pinar","url":"https:\/\/clubsierradelpinar.es\/","logo":{"@type":"ImageObject","inLanguage":"es","@id":"https:\/\/clubsierradelpinar.es\/#\/schema\/logo\/image\/","url":"https:\/\/clubsierradelpinar.es\/wp-content\/uploads\/2021\/11\/cropped-logo.png","contentUrl":"https:\/\/clubsierradelpinar.es\/wp-content\/uploads\/2021\/11\/cropped-logo.png","width":512,"height":512,"caption":"Club Monta\u00f1ero Sierra del Pinar"},"image":{"@id":"https:\/\/clubsierradelpinar.es\/#\/schema\/logo\/image\/"},"sameAs":["https:\/\/www.facebook.com\/montaneros.sierradelpinar","https:\/\/x.com\/sierradelpinar","https:\/\/www.instagram.com\/sierradelpinar\/"]}]}},"_links":{"self":[{"href":"https:\/\/clubsierradelpinar.es\/index.php\/wp-json\/wp\/v2\/pages\/41","targetHints":{"allow":["GET"]}}],"collection":[{"href":"https:\/\/clubsierradelpinar.es\/index.php\/wp-json\/wp\/v2\/pages"}],"about":[{"href":"https:\/\/clubsierradelpinar.es\/index.php\/wp-json\/wp\/v2\/types\/page"}],"author":[{"embeddable":true,"href":"https:\/\/clubsierradelpinar.es\/index.php\/wp-json\/wp\/v2\/users\/2"}],"replies":[{"embeddable":true,"href":"https:\/\/clubsierradelpinar.es\/index.php\/wp-json\/wp\/v2\/comments?post=41"}],"version-history":[{"count":8,"href":"https:\/\/clubsierradelpinar.es\/index.php\/wp-json\/wp\/v2\/pages\/41\/revisions"}],"predecessor-version":[{"id":2506,"href":"https:\/\/clubsierradelpinar.es\/index.php\/wp-json\/wp\/v2\/pages\/41\/revisions\/2506"}],"wp:attachment":[{"href":"https:\/\/clubsierradelpinar.es\/index.php\/wp-json\/wp\/v2\/media?parent=41"}],"curies":[{"name":"wp","href":"https:\/\/api.w.org\/{rel}","templated":true}]}}