{"id":258,"date":"2021-12-05T22:30:37","date_gmt":"2021-12-05T21:30:37","guid":{"rendered":"https:\/\/clubsierradelpinar.es\/?page_id=258"},"modified":"2021-12-22T15:28:42","modified_gmt":"2021-12-22T14:28:42","slug":"aviso-legal","status":"publish","type":"page","link":"https:\/\/clubsierradelpinar.es\/index.php\/aviso-legal\/","title":{"rendered":"Aviso legal"},"content":{"rendered":"\n<p><strong>1. Datos identificativos<\/strong><\/p>\n\n\n\n<p>El <strong>Club Monta\u00f1ero Sierra del Pinar<\/strong> (en adelante, el Club) es una asociaci\u00f3n de car\u00e1cter deportivo cuyo domicilio social se encuentra sito en la plaza Salvador Allende, s\/n (edificio Compa\u00f1\u00eda), CP 11403, Jerez de la Frontera, con apartado de correos n\u00famero 556, CIF G11611522 y tel\u00e9fono de contacto n\u00famero 620 989 131.<\/p>\n\n\n\n<p><strong>2. Objeto y \u00e1mbito de aplicaci\u00f3n<\/strong><\/p>\n\n\n\n<p>2.1. Estas son las condiciones generales (en adelante, Condiciones Generales) que regulan el acceso, navegaci\u00f3n y uso de los sitios Web bajo el dominio \u00abwww.clubsierradelpinar.es\u00bb (en adelante, Sitio Web), as\u00ed como las responsabilidades derivadas de la utilizaci\u00f3n de sus contenidos (entendiendo en adelante por \u00abcontenidos\u00bb los textos, gr\u00e1ficos, dibujos, dise\u00f1os, c\u00f3digos, software, fotograf\u00edas, m\u00fasica, v\u00eddeos, sonidos, bases de datos, im\u00e1genes, expresiones e informaciones, as\u00ed como cualquier otra creaci\u00f3n protegida por las leyes nacionales y los tratados internacionales sobre propiedad intelectual e industrial). Independientemente de las mismas, el Club podr\u00e1 establecer unas condiciones particulares que regulen la utilizaci\u00f3n y\/o contrataci\u00f3n de servicios espec\u00edficos ofrecidos a los Usuarios a trav\u00e9s del Sitio Web.<\/p>\n\n\n\n<p>2.2. Se entender\u00e1 que el acceso o la mera utilizaci\u00f3n del Sitio Web por parte del Usuario implica la adhesi\u00f3n de \u00e9ste a las Condiciones Generales que el Club tenga publicadas en cada momento en el que acceda al Sitio Web y que estar\u00e1n disponibles para los usuarios. En consecuencia, el Usuario debe leer atentamente estas condiciones generales antes de acceder al Sitio Web, ya que estas pueden sufrir modificaciones para adaptarse a cambios operativos, t\u00e9cnicos o legislativos. Como consecuencia de lo anterior, el Club se reserva el derecho de actualizar o modificar las condiciones del Sitio Web.<\/p>\n\n\n\n<p>En este sentido, se entender\u00e1 por Usuario a la persona que acceda, navegue, utilice o participe en los servicios y actividades, desarrolladas en el Sitio Web.<\/p>\n\n\n\n<p>2.3. Asimismo, a trav\u00e9s del Sitio Web, el Club podr\u00e1 habilitar a terceras entidades para que publiciten o presten sus servicios. En estos casos, el Club no ser\u00e1 responsable de establecer las condiciones generales y particulares a tener en cuenta en la utilizaci\u00f3n, prestaci\u00f3n o contrataci\u00f3n de estos servicios por terceros y, por tanto, no podr\u00e1 ser considerado responsable de los mismos.&nbsp;<\/p>\n\n\n\n<p>2.4. Antes de utilizar y\/o contratar dichos servicios espec\u00edficos, el Usuario deber\u00e1 leer atentamente las correspondientes condiciones particulares creadas a tal efecto por el prestador. La utilizaci\u00f3n y\/o la contrataci\u00f3n de dichos servicios espec\u00edficos implica la aceptaci\u00f3n de las condiciones particulares que los regulen en la versi\u00f3n publicada por el Club en el momento en que se produzca dicha utilizaci\u00f3n y\/o contrataci\u00f3n.<\/p>\n\n\n\n<p><strong>3. Derechos de propiedad intelectual e industrial<\/strong><\/p>\n\n\n\n<p>3.1. El Club Monta\u00f1ero Sierra del Pinar se acoge a las licencias <a href=\"https:\/\/creativecommons.org\/licenses\/by-nc\/4.0\/deed.es\">Creative Commons<\/a>.<\/p>\n\n\n\n<p>3.2. En el caso de utilizar una licencia diferente de la anteriormente citada, se especificar\u00e1 convenientemente.<\/p>\n\n\n\n<p><strong>4. Acceso<\/strong><\/p>\n\n\n\n<p>4.1. El acceso al Sitio Web por parte de los Usuarios tiene car\u00e1cter libre y gratuito.<\/p>\n\n\n\n<p>4.2. Cuando sea necesario que el Usuario se registre o aporte datos personales para poder acceder a alguno de los servicios, la recogida y el tratamiento de los datos personales de los Usuarios ser\u00e1 de aplicaci\u00f3n lo dispuesto en la <a href=\"https:\/\/clubsierradelpinar.es\/index.php\/politica-privacidad\/\" target=\"_blank\" rel=\"noreferrer noopener nofollow\">Pol\u00edtica de Privacidad<\/a> recogida en el Sitio Web.&nbsp;<\/p>\n\n\n\n<p>4.3. Queda prohibida el alta como socio y la federaci\u00f3n a trav\u00e9s del Sitio Web por parte de menores de edad legal, debiendo obtener debidamente y con anterioridad, el consentimiento de sus padres, tutores o representantes legales, los cuales ser\u00e1n considerados como responsables de los actos que lleven a cabo los menores a su cargo, conforme a la normativa vigente.<\/p>\n\n\n\n<p><strong>5. Usuarios<\/strong><\/p>\n\n\n\n<p>El acceso y\/o uso de los portales de atribuye la condici\u00f3n de USUARIO, que acepta, desde dicho acceso y\/o uso, las Condiciones Generales de Uso aqu\u00ed reflejadas.<\/p>\n\n\n\n<p><strong>6. Uso del portal<\/strong><\/p>\n\n\n\n<p>El Club proporciona el acceso a multitud de informaciones, servicios, programas o datos (en adelante, \u00ablos contenidos\u00bb) en Internet a los que el Usuario puede tener acceso. El Usuario asume la responsabilidad del uso de la Web. Dicha responsabilidad se extiende al registro que fuese necesario para acceder a determinados servicios o contenidos. En dicho registro el Usuario ser\u00e1 responsable de aportar informaci\u00f3n veraz y l\u00edcita. Como consecuencia de este registro, al Usuario se le puede proporcionar una contrase\u00f1a de la que ser\u00e1 responsable, comprometi\u00e9ndose a hacer un uso diligente y confidencial de la misma. El Usuario se compromete a hacer un uso adecuado de los contenidos y servicios (como por ejemplo servicios de chat, foros de discusi\u00f3n o grupos de noticias) que el Club ofrece a trav\u00e9s de su Web y con car\u00e1cter enunciativo pero no limitativo, a no emplearlos para (i) incurrir en actividades il\u00edcitas, ilegales o contrarias a la buena fe y al orden p\u00fablico; (ii) difundir contenidos o propaganda de car\u00e1cter racista, xen\u00f3fobo, pornogr\u00e1fico-ilegal, de apolog\u00eda del terrorismo o atentatorio contra los derechos humanos; (iii) provocar da\u00f1os en los sistemas f\u00edsicos y l\u00f3gicos de el Club Monta\u00f1ero Sierra del Pinar, de sus proveedores o de terceras personas, introducir o difundir en la red virus inform\u00e1ticos o cualesquiera otros sistemas f\u00edsicos o l\u00f3gicos que sean susceptibles de provocar los da\u00f1os anteriormente mencionados; (iv) intentar acceder y, en su caso, utilizar las cuentas de correo electr\u00f3nico de otros usuarios y modificar o manipular sus mensajes. El Club se reserva el derecho de retirar todos aquellos comentarios y aportaciones que vulneren el respeto a la dignidad de la persona, que sean discriminatorios, xen\u00f3fobos, racistas, pornogr\u00e1ficos, que atenten contra la juventud o la infancia, el orden o la seguridad p\u00fablica o que, a su juicio, no resultaran adecuados para su publicaci\u00f3n. En cualquier caso, el Club no ser\u00e1 responsable de las opiniones vertidas por los usuarios a trav\u00e9s de los foros, chats, u otras herramientas de participaci\u00f3n.<\/p>\n\n\n\n<p><strong>7. Exclusi\u00f3n de garant\u00edas y responsabilidad<\/strong><\/p>\n\n\n\n<p>El Club Monta\u00f1ero Sierra del Pinar no se hace responsable, en ning\u00fan caso, de los da\u00f1os y perjuicios de cualquier naturaleza que pudieran ocasionar, a t\u00edtulo enunciativo: errores u omisiones en los contenidos, falta de disponibilidad del portal o la transmisi\u00f3n de virus o programas maliciosos o lesivos en los contenidos, a pesar de haber adoptado todas las medidas tecnol\u00f3gicas necesarias para evitarlo.<\/p>\n\n\n\n<p><strong>8. Modificaciones<\/strong><\/p>\n\n\n\n<p>El Club Monta\u00f1ero Sierra del Pinar se reserva el derecho de efectuar sin previo aviso las modificaciones que considere oportunas en su Web, pudiendo cambiar, suprimir o a\u00f1adir tanto los contenidos y servicios que se presten a trav\u00e9s de la misma como la forma en la que \u00e9stos aparezcan presentados o localizados en su Web.<\/p>\n\n\n\n<p><strong>9. Enlaces y pr\u00e1cticas de privacidad de terceros<\/strong><\/p>\n\n\n\n<p>El sitio \u00abClub Monta\u00f1ero Sierra del Pinar\u00bb puede contener enlaces a otros sitios ajenos al mismo. En estos casos el Club no se responsabiliza por las condiciones de privacidad o el contenido de dichos sitios, y si \u00e9stos tienen o no la autorizaci\u00f3n pertinente para la publicidad de sus contenidos.<\/p>\n\n\n\n<p>La inclusi\u00f3n de un enlace en el sitio \u00abClub Monta\u00f1ero Sierra del Pinar\u00bb no implica que el mismo fomente en manera alguna o se responsabilice por dicho enlace. En estas situaciones se indicar\u00e1 al usuario que revise las pol\u00edticas de privacidad de dichos sitios.<\/p>\n\n\n\n<p>En el caso de que en la Web se dispusiesen enlaces o hiperv\u00ednculos hac\u00eda otros sitios de Internet, el Club no ejercer\u00e1 ning\u00fan tipo de control sobre dichos sitios y contenidos. En ning\u00fan caso el Club asumir\u00e1 responsabilidad alguna por los contenidos de alg\u00fan enlace perteneciente a un sitio Web ajeno, ni garantizar\u00e1 la disponibilidad t\u00e9cnica, calidad, fiabilidad, exactitud, amplitud, veracidad, validez y constitucionalidad de cualquier material o informaci\u00f3n contenida en ninguno de dichos hiperv\u00ednculos u otros sitios de Internet.<\/p>\n\n\n\n<p>Igualmente la inclusi\u00f3n de estas conexiones externas no implicar\u00e1 ning\u00fan tipo de asociaci\u00f3n, fusi\u00f3n o participaci\u00f3n con las entidades conectadas.<\/p>\n\n\n\n<p><strong>10. Derecho de exclusi\u00f3n<\/strong><\/p>\n\n\n\n<p>El Club Monta\u00f1ero Sierra del Pinar se reserva el derecho a denegar o retirar el acceso a su Web y\/o los servicios ofrecidos sin necesidad de preaviso, a instancia propia o de un tercero, a aquellos usuarios que incumplan las presentes Condiciones Generales de Uso.<\/p>\n\n\n\n<p><strong>11. Generalidades<\/strong><\/p>\n\n\n\n<p>El Club Monta\u00f1ero Sierra del Pinar perseguir\u00e1 el incumplimiento de las presentes condiciones as\u00ed como cualquier utilizaci\u00f3n indebida de su Web ejerciendo todas las acciones civiles y penales que le puedan corresponder en derecho.<\/p>\n\n\n\n<p><strong>12. Modificaci\u00f3n de las presentes condiciones y duraci\u00f3n<\/strong><\/p>\n\n\n\n<p>El  Club Monta\u00f1ero Sierra del Pinar  podr\u00e1 modificar en cualquier momento las condiciones aqu\u00ed determinadas, siendo debidamente publicadas como aqu\u00ed aparecen. La vigencia de las citadas condiciones ir\u00e1 en funci\u00f3n de su exposici\u00f3n y estar\u00e1n vigentes hasta que sean modificadas por otras debidamente publicadas.<\/p>\n\n\n\n<p><strong>13. Legislaci\u00f3n aplicable y jurisdicci\u00f3n<\/strong><\/p>\n\n\n\n<p>La relaci\u00f3n entre el Club Monta\u00f1ero Sierra del Pinar y el USUARIO se regir\u00e1 por la normativa espa\u00f1ola vigente y cualquier controversia se someter\u00e1 a los Juzgados y tribunales de la ciudad de Jerez de la Frontera.<\/p>\n\n\n\n<p><strong>14. Condiciones suscripci\u00f3n de socios:<\/strong><\/p>\n\n\n\n<p>El precio de cada modalidad de suscripci\u00f3n y las diferentes formas de pago, constar\u00e1n claramente, en el Formulario de alta de socios. Cualquier cambio que Club Monta\u00f1ero Sierra del Pinar efect\u00fae en las modalidades de alta o suscripci\u00f3n en las tarifas y\/o en las formas de pago de las mismas ser\u00e1 publicado en esta Web e informado a los socios con una antelaci\u00f3n razonable. Las modificaciones afectar\u00e1n a los nuevos SOCIOS a partir del inicio de la contrataci\u00f3n y&nbsp;a los SOCIOS ya activos al momento del cambio de condiciones, a partir del momento en que se renueve su suscripci\u00f3n.<\/p>\n\n\n\n<p>El SOCIO deber\u00e1 abonar la suscripci\u00f3n a trav\u00e9s del medio que, entre los indicados, seleccione, realiz\u00e1ndose el cargo a la finalizaci\u00f3n del proceso de alta y cuando se produzca cada renovaci\u00f3n. Al completar el proceso de pago el usuario acepta que el Club inicie el proceso de cobro en su nombre. Las cuotas del Club se cobran semestralmente por el valor de la modalidad que el socio o socia haya seleccionado en el formulario de alta. El SOCIO se compromete al pago correspondiente aceptando que, en caso que no fuese posible el cobro por parte del  Club Monta\u00f1ero Sierra del Pinar, el alta solicitada no le sea concedida o se proceda a su cancelaci\u00f3n en el caso de que \u00e9sta estuviese activa.<\/p>\n\n\n\n<p>Adem\u00e1s, en caso de impago, el Club Monta\u00f1ero Sierra del Pinar se reserva el derecho a tomar las medidas jur\u00eddicas necesarias con el fin de dar cumplimiento a las obligaciones pecuniarias derivadas de de dicho impago.<\/p>\n\n\n\n<p>Las renovaciones de cuotas de socios se producir\u00e1n autom\u00e1ticamente salvo que el socio hubiera notificado al Club Monta\u00f1ero Sierra del Pinar su intenci\u00f3n de solicitar la baja antes de la fecha de terminaci\u00f3n del per\u00edodo cubierto por la cuota (semestre).<\/p>\n\n\n\n<p><strong>15. Derecho de desistimiento:<\/strong><\/p>\n\n\n\n<p>El socio\/a podr\u00e1 solicitar la baja como socio del Club mediante el correspondiente <a href=\"https:\/\/clubsierradelpinar.es\/index.php\/baja-socio\/\" rel=\"nofollow\">formulario<\/a> que encontrar\u00e1 en el apartado <a href=\"https:\/\/clubsierradelpinar.es\/index.php\/secretaria\/\" rel=\"nofollow\">Secretar\u00eda Virtual<\/a> de esta Web.<\/p>\n\n\n\n<div style=\"height:100px\" aria-hidden=\"true\" class=\"wp-block-spacer\"><\/div>\n","protected":false},"excerpt":{"rendered":"<p>1. Datos identificativos El Club Monta\u00f1ero Sierra del Pinar (en adelante, el Club) es una asociaci\u00f3n de car\u00e1cter deportivo cuyo domicilio social se encuentra sito en la plaza Salvador Allende, s\/n (edificio Compa\u00f1\u00eda), CP 11403, Jerez de la Frontera, con apartado de correos n\u00famero 556, CIF G11611522 y tel\u00e9fono de [&hellip;]<\/p>\n","protected":false},"author":2,"featured_media":0,"parent":0,"menu_order":0,"comment_status":"closed","ping_status":"closed","template":"","meta":{"_mc_calendar":[],"footnotes":""},"class_list":["post-258","page","type-page","status-publish","hentry"],"yoast_head":"<!-- This site is optimized with the Yoast SEO plugin v27.3 - https:\/\/yoast.com\/product\/yoast-seo-wordpress\/ -->\n<title>Aviso legal - Club Monta&ntilde;ero Sierra del Pinar<\/title>\n<meta name=\"robots\" content=\"index, follow, max-snippet:-1, max-image-preview:large, max-video-preview:-1\" \/>\n<link rel=\"canonical\" href=\"https:\/\/clubsierradelpinar.es\/index.php\/aviso-legal\/\" \/>\n<meta property=\"og:locale\" content=\"es_ES\" \/>\n<meta property=\"og:type\" content=\"article\" \/>\n<meta property=\"og:title\" content=\"Aviso legal - Club Monta&ntilde;ero Sierra del Pinar\" \/>\n<meta property=\"og:description\" content=\"1. Datos identificativos El Club Monta\u00f1ero Sierra del Pinar (en adelante, el Club) es una asociaci\u00f3n de car\u00e1cter deportivo cuyo domicilio social se encuentra sito en la plaza Salvador Allende, s\/n (edificio Compa\u00f1\u00eda), CP 11403, Jerez de la Frontera, con apartado de correos n\u00famero 556, CIF G11611522 y tel\u00e9fono de [&hellip;]\" \/>\n<meta property=\"og:url\" content=\"https:\/\/clubsierradelpinar.es\/index.php\/aviso-legal\/\" \/>\n<meta property=\"og:site_name\" content=\"Club Monta&ntilde;ero Sierra del Pinar\" \/>\n<meta property=\"article:publisher\" content=\"https:\/\/www.facebook.com\/montaneros.sierradelpinar\" \/>\n<meta property=\"article:modified_time\" content=\"2021-12-22T14:28:42+00:00\" \/>\n<meta name=\"twitter:card\" content=\"summary_large_image\" \/>\n<meta name=\"twitter:site\" content=\"@sierradelpinar\" \/>\n<meta name=\"twitter:label1\" content=\"Tiempo de lectura\" \/>\n\t<meta name=\"twitter:data1\" content=\"9 minutos\" \/>\n<script type=\"application\/ld+json\" class=\"yoast-schema-graph\">{\"@context\":\"https:\\\/\\\/schema.org\",\"@graph\":[{\"@type\":\"WebPage\",\"@id\":\"https:\\\/\\\/clubsierradelpinar.es\\\/index.php\\\/aviso-legal\\\/\",\"url\":\"https:\\\/\\\/clubsierradelpinar.es\\\/index.php\\\/aviso-legal\\\/\",\"name\":\"Aviso legal - Club Monta&ntilde;ero Sierra del Pinar\",\"isPartOf\":{\"@id\":\"https:\\\/\\\/clubsierradelpinar.es\\\/#website\"},\"datePublished\":\"2021-12-05T21:30:37+00:00\",\"dateModified\":\"2021-12-22T14:28:42+00:00\",\"breadcrumb\":{\"@id\":\"https:\\\/\\\/clubsierradelpinar.es\\\/index.php\\\/aviso-legal\\\/#breadcrumb\"},\"inLanguage\":\"es\",\"potentialAction\":[{\"@type\":\"ReadAction\",\"target\":[\"https:\\\/\\\/clubsierradelpinar.es\\\/index.php\\\/aviso-legal\\\/\"]}]},{\"@type\":\"BreadcrumbList\",\"@id\":\"https:\\\/\\\/clubsierradelpinar.es\\\/index.php\\\/aviso-legal\\\/#breadcrumb\",\"itemListElement\":[{\"@type\":\"ListItem\",\"position\":1,\"name\":\"Portada\",\"item\":\"https:\\\/\\\/clubsierradelpinar.es\\\/\"},{\"@type\":\"ListItem\",\"position\":2,\"name\":\"Aviso legal\"}]},{\"@type\":\"WebSite\",\"@id\":\"https:\\\/\\\/clubsierradelpinar.es\\\/#website\",\"url\":\"https:\\\/\\\/clubsierradelpinar.es\\\/\",\"name\":\"Club Monta&ntilde;ero Sierra del Pinar\",\"description\":\"Subiendo monta&ntilde;as desde 1971\",\"publisher\":{\"@id\":\"https:\\\/\\\/clubsierradelpinar.es\\\/#organization\"},\"potentialAction\":[{\"@type\":\"SearchAction\",\"target\":{\"@type\":\"EntryPoint\",\"urlTemplate\":\"https:\\\/\\\/clubsierradelpinar.es\\\/?s={search_term_string}\"},\"query-input\":{\"@type\":\"PropertyValueSpecification\",\"valueRequired\":true,\"valueName\":\"search_term_string\"}}],\"inLanguage\":\"es\"},{\"@type\":\"Organization\",\"@id\":\"https:\\\/\\\/clubsierradelpinar.es\\\/#organization\",\"name\":\"Club Monta\u00f1ero Sierra del Pinar\",\"url\":\"https:\\\/\\\/clubsierradelpinar.es\\\/\",\"logo\":{\"@type\":\"ImageObject\",\"inLanguage\":\"es\",\"@id\":\"https:\\\/\\\/clubsierradelpinar.es\\\/#\\\/schema\\\/logo\\\/image\\\/\",\"url\":\"https:\\\/\\\/clubsierradelpinar.es\\\/wp-content\\\/uploads\\\/2021\\\/11\\\/cropped-logo.png\",\"contentUrl\":\"https:\\\/\\\/clubsierradelpinar.es\\\/wp-content\\\/uploads\\\/2021\\\/11\\\/cropped-logo.png\",\"width\":512,\"height\":512,\"caption\":\"Club Monta\u00f1ero Sierra del Pinar\"},\"image\":{\"@id\":\"https:\\\/\\\/clubsierradelpinar.es\\\/#\\\/schema\\\/logo\\\/image\\\/\"},\"sameAs\":[\"https:\\\/\\\/www.facebook.com\\\/montaneros.sierradelpinar\",\"https:\\\/\\\/x.com\\\/sierradelpinar\",\"https:\\\/\\\/www.instagram.com\\\/sierradelpinar\\\/\"]}]}<\/script>\n<!-- \/ Yoast SEO plugin. -->","yoast_head_json":{"title":"Aviso legal - Club Monta&ntilde;ero Sierra del Pinar","robots":{"index":"index","follow":"follow","max-snippet":"max-snippet:-1","max-image-preview":"max-image-preview:large","max-video-preview":"max-video-preview:-1"},"canonical":"https:\/\/clubsierradelpinar.es\/index.php\/aviso-legal\/","og_locale":"es_ES","og_type":"article","og_title":"Aviso legal - Club Monta&ntilde;ero Sierra del Pinar","og_description":"1. Datos identificativos El Club Monta\u00f1ero Sierra del Pinar (en adelante, el Club) es una asociaci\u00f3n de car\u00e1cter deportivo cuyo domicilio social se encuentra sito en la plaza Salvador Allende, s\/n (edificio Compa\u00f1\u00eda), CP 11403, Jerez de la Frontera, con apartado de correos n\u00famero 556, CIF G11611522 y tel\u00e9fono de [&hellip;]","og_url":"https:\/\/clubsierradelpinar.es\/index.php\/aviso-legal\/","og_site_name":"Club Monta&ntilde;ero Sierra del Pinar","article_publisher":"https:\/\/www.facebook.com\/montaneros.sierradelpinar","article_modified_time":"2021-12-22T14:28:42+00:00","twitter_card":"summary_large_image","twitter_site":"@sierradelpinar","twitter_misc":{"Tiempo de lectura":"9 minutos"},"schema":{"@context":"https:\/\/schema.org","@graph":[{"@type":"WebPage","@id":"https:\/\/clubsierradelpinar.es\/index.php\/aviso-legal\/","url":"https:\/\/clubsierradelpinar.es\/index.php\/aviso-legal\/","name":"Aviso legal - Club Monta&ntilde;ero Sierra del Pinar","isPartOf":{"@id":"https:\/\/clubsierradelpinar.es\/#website"},"datePublished":"2021-12-05T21:30:37+00:00","dateModified":"2021-12-22T14:28:42+00:00","breadcrumb":{"@id":"https:\/\/clubsierradelpinar.es\/index.php\/aviso-legal\/#breadcrumb"},"inLanguage":"es","potentialAction":[{"@type":"ReadAction","target":["https:\/\/clubsierradelpinar.es\/index.php\/aviso-legal\/"]}]},{"@type":"BreadcrumbList","@id":"https:\/\/clubsierradelpinar.es\/index.php\/aviso-legal\/#breadcrumb","itemListElement":[{"@type":"ListItem","position":1,"name":"Portada","item":"https:\/\/clubsierradelpinar.es\/"},{"@type":"ListItem","position":2,"name":"Aviso legal"}]},{"@type":"WebSite","@id":"https:\/\/clubsierradelpinar.es\/#website","url":"https:\/\/clubsierradelpinar.es\/","name":"Club Monta&ntilde;ero Sierra del Pinar","description":"Subiendo monta&ntilde;as desde 1971","publisher":{"@id":"https:\/\/clubsierradelpinar.es\/#organization"},"potentialAction":[{"@type":"SearchAction","target":{"@type":"EntryPoint","urlTemplate":"https:\/\/clubsierradelpinar.es\/?s={search_term_string}"},"query-input":{"@type":"PropertyValueSpecification","valueRequired":true,"valueName":"search_term_string"}}],"inLanguage":"es"},{"@type":"Organization","@id":"https:\/\/clubsierradelpinar.es\/#organization","name":"Club Monta\u00f1ero Sierra del Pinar","url":"https:\/\/clubsierradelpinar.es\/","logo":{"@type":"ImageObject","inLanguage":"es","@id":"https:\/\/clubsierradelpinar.es\/#\/schema\/logo\/image\/","url":"https:\/\/clubsierradelpinar.es\/wp-content\/uploads\/2021\/11\/cropped-logo.png","contentUrl":"https:\/\/clubsierradelpinar.es\/wp-content\/uploads\/2021\/11\/cropped-logo.png","width":512,"height":512,"caption":"Club Monta\u00f1ero Sierra del Pinar"},"image":{"@id":"https:\/\/clubsierradelpinar.es\/#\/schema\/logo\/image\/"},"sameAs":["https:\/\/www.facebook.com\/montaneros.sierradelpinar","https:\/\/x.com\/sierradelpinar","https:\/\/www.instagram.com\/sierradelpinar\/"]}]}},"_links":{"self":[{"href":"https:\/\/clubsierradelpinar.es\/index.php\/wp-json\/wp\/v2\/pages\/258","targetHints":{"allow":["GET"]}}],"collection":[{"href":"https:\/\/clubsierradelpinar.es\/index.php\/wp-json\/wp\/v2\/pages"}],"about":[{"href":"https:\/\/clubsierradelpinar.es\/index.php\/wp-json\/wp\/v2\/types\/page"}],"author":[{"embeddable":true,"href":"https:\/\/clubsierradelpinar.es\/index.php\/wp-json\/wp\/v2\/users\/2"}],"replies":[{"embeddable":true,"href":"https:\/\/clubsierradelpinar.es\/index.php\/wp-json\/wp\/v2\/comments?post=258"}],"version-history":[{"count":7,"href":"https:\/\/clubsierradelpinar.es\/index.php\/wp-json\/wp\/v2\/pages\/258\/revisions"}],"predecessor-version":[{"id":495,"href":"https:\/\/clubsierradelpinar.es\/index.php\/wp-json\/wp\/v2\/pages\/258\/revisions\/495"}],"wp:attachment":[{"href":"https:\/\/clubsierradelpinar.es\/index.php\/wp-json\/wp\/v2\/media?parent=258"}],"curies":[{"name":"wp","href":"https:\/\/api.w.org\/{rel}","templated":true}]}}